{"id":6331,"date":"2026-01-30T19:07:13","date_gmt":"2026-01-31T01:07:13","guid":{"rendered":"https:\/\/mascotaqriosa.com.mx\/?post_type=product&#038;p=6331"},"modified":"2026-01-30T19:26:53","modified_gmt":"2026-01-31T01:26:53","slug":"placas-de-acero-inoxidable-paqute","status":"publish","type":"product","link":"https:\/\/mascotaqriosa.com.mx\/en\/product\/placas-de-acero-inoxidable-paqute\/","title":{"rendered":"50 Placas de acero inoxidable"},"content":{"rendered":"<p><span dir=\"auto\" style=\"vertical-align: inherit;\">\u00a050 Placas de de acero inoxidable Identificadora de mascotas con codgico QR.<\/span><\/p>\n<p>Acero Inoxibadle y QR grabado.<\/p>\n<p>&nbsp;<\/p>","protected":false},"excerpt":{"rendered":"<p><span dir=\"auto\" style=\"vertical-align: inherit;\">Placa de identificaci\u00f3n para mascotas con c\u00f3digo QR.<\/span><\/p>\n<p><span dir=\"auto\" style=\"vertical-align: inherit;\">Con la placa identificadora de mascota Qriosa siempre estar\u00e1 segura y podr\u00e1 regresar a casa.<\/span><\/p>\n<p><span dir=\"auto\" style=\"vertical-align: inherit;\">El c\u00f3digo QR te lleva a la informaci\u00f3n de la mascota para que puedas regresarla a casa.<\/span><\/p>","protected":false},"featured_media":6332,"comment_status":"open","ping_status":"closed","template":"","meta":{"_acf_changed":false},"product_brand":[35],"product_cat":[97,98,146,16,96,99],"product_tag":[89,78,85,104,86,92,90],"class_list":{"0":"post-6331","1":"product","2":"type-product","3":"status-publish","4":"has-post-thumbnail","6":"product_brand-mascotaqriosa","7":"product_cat-gato","8":"product_cat-mascotas","9":"product_cat-mayoreo","10":"product_cat-other","11":"product_cat-perro","12":"product_cat-placa-con-qr","13":"product_tag-identificacion-qr","14":"product_tag-mascotas","15":"product_tag-perro-placa","16":"product_tag-placa-con-qr","17":"product_tag-placa-gato","18":"product_tag-placa-identificadora-de-mascotas","19":"product_tag-placa-para-mascota-con-qr","21":"first","22":"instock","23":"shipping-taxable","24":"purchasable","25":"product-type-simple"},"acf":[],"yoast_head":"<!-- This site is optimized with the Yoast SEO plugin v27.3 - https:\/\/yoast.com\/product\/yoast-seo-wordpress\/ -->\n<title>50 Placas de acero inoxidable | MascotaQRiosa<\/title>\n<meta name=\"robots\" content=\"index, follow, max-snippet:-1, max-image-preview:large, max-video-preview:-1\" \/>\n<link rel=\"canonical\" href=\"https:\/\/mascotaqriosa.com.mx\/en\/product\/placas-de-acero-inoxidable-paqute\/\" \/>\n<meta property=\"og:locale\" content=\"en_US\" \/>\n<meta property=\"og:type\" content=\"article\" \/>\n<meta property=\"og:title\" content=\"50 Placas de acero inoxidable | MascotaQRiosa\" \/>\n<meta property=\"og:description\" content=\"Placa de identificaci\u00f3n para mascotas con c\u00f3digo QR.  Con la placa identificadora de mascota Qriosa siempre estar\u00e1 segura y podr\u00e1 regresar a casa.  El c\u00f3digo QR te lleva a la informaci\u00f3n de la mascota para que puedas regresarla a casa.\" \/>\n<meta property=\"og:url\" content=\"https:\/\/mascotaqriosa.com.mx\/en\/product\/placas-de-acero-inoxidable-paqute\/\" \/>\n<meta property=\"og:site_name\" content=\"MascotaQRiosa\" \/>\n<meta property=\"article:publisher\" content=\"https:\/\/www.facebook.com\/profile.php?id=61581076165222\" \/>\n<meta property=\"article:modified_time\" content=\"2026-01-31T01:26:53+00:00\" \/>\n<meta property=\"og:image\" content=\"https:\/\/mascotaqriosa.com.mx\/wp-content\/uploads\/2026\/01\/Placas-Mascota-Qriosa-512-x-512-px-3.png\" \/>\n\t<meta property=\"og:image:width\" content=\"512\" \/>\n\t<meta property=\"og:image:height\" content=\"512\" \/>\n\t<meta property=\"og:image:type\" content=\"image\/png\" \/>\n<meta name=\"twitter:card\" content=\"summary_large_image\" \/>\n<meta name=\"twitter:label1\" content=\"Est. reading time\" \/>\n\t<meta name=\"twitter:data1\" content=\"1 minute\" \/>\n<script type=\"application\/ld+json\" class=\"yoast-schema-graph\">{\"@context\":\"https:\\\/\\\/schema.org\",\"@graph\":[{\"@type\":\"WebPage\",\"@id\":\"https:\\\/\\\/mascotaqriosa.com.mx\\\/product\\\/placas-de-acero-inoxidable-paqute\\\/\",\"url\":\"https:\\\/\\\/mascotaqriosa.com.mx\\\/product\\\/placas-de-acero-inoxidable-paqute\\\/\",\"name\":\"50 Placas de acero inoxidable | MascotaQRiosa\",\"isPartOf\":{\"@id\":\"https:\\\/\\\/mascotaqriosa.com.mx\\\/#website\"},\"primaryImageOfPage\":{\"@id\":\"https:\\\/\\\/mascotaqriosa.com.mx\\\/product\\\/placas-de-acero-inoxidable-paqute\\\/#primaryimage\"},\"image\":{\"@id\":\"https:\\\/\\\/mascotaqriosa.com.mx\\\/product\\\/placas-de-acero-inoxidable-paqute\\\/#primaryimage\"},\"thumbnailUrl\":\"https:\\\/\\\/mascotaqriosa.com.mx\\\/wp-content\\\/uploads\\\/2026\\\/01\\\/Placas-Mascota-Qriosa-512-x-512-px-3.png\",\"datePublished\":\"2026-01-31T01:07:13+00:00\",\"dateModified\":\"2026-01-31T01:26:53+00:00\",\"breadcrumb\":{\"@id\":\"https:\\\/\\\/mascotaqriosa.com.mx\\\/product\\\/placas-de-acero-inoxidable-paqute\\\/#breadcrumb\"},\"inLanguage\":\"en-US\",\"potentialAction\":[{\"@type\":\"ReadAction\",\"target\":[\"https:\\\/\\\/mascotaqriosa.com.mx\\\/product\\\/placas-de-acero-inoxidable-paqute\\\/\"]}]},{\"@type\":\"ImageObject\",\"inLanguage\":\"en-US\",\"@id\":\"https:\\\/\\\/mascotaqriosa.com.mx\\\/product\\\/placas-de-acero-inoxidable-paqute\\\/#primaryimage\",\"url\":\"https:\\\/\\\/mascotaqriosa.com.mx\\\/wp-content\\\/uploads\\\/2026\\\/01\\\/Placas-Mascota-Qriosa-512-x-512-px-3.png\",\"contentUrl\":\"https:\\\/\\\/mascotaqriosa.com.mx\\\/wp-content\\\/uploads\\\/2026\\\/01\\\/Placas-Mascota-Qriosa-512-x-512-px-3.png\",\"width\":512,\"height\":512,\"caption\":\"placa de acero inoxidable para mascota perro o gato con qr identificador\"},{\"@type\":\"BreadcrumbList\",\"@id\":\"https:\\\/\\\/mascotaqriosa.com.mx\\\/product\\\/placas-de-acero-inoxidable-paqute\\\/#breadcrumb\",\"itemListElement\":[{\"@type\":\"ListItem\",\"position\":1,\"name\":\"Home\",\"item\":\"https:\\\/\\\/mascotaqriosa.com.mx\\\/\"},{\"@type\":\"ListItem\",\"position\":2,\"name\":\"Pet shop\",\"item\":\"https:\\\/\\\/mascotaqriosa.com.mx\\\/shop\\\/\"},{\"@type\":\"ListItem\",\"position\":3,\"name\":\"50 Placas de acero inoxidable\"}]},{\"@type\":\"WebSite\",\"@id\":\"https:\\\/\\\/mascotaqriosa.com.mx\\\/#website\",\"url\":\"https:\\\/\\\/mascotaqriosa.com.mx\\\/\",\"name\":\"MascotaQRiosa\",\"description\":\"La comunidad de mascotas #1 de M\u00e9xico\",\"publisher\":{\"@id\":\"https:\\\/\\\/mascotaqriosa.com.mx\\\/#organization\"},\"potentialAction\":[{\"@type\":\"SearchAction\",\"target\":{\"@type\":\"EntryPoint\",\"urlTemplate\":\"https:\\\/\\\/mascotaqriosa.com.mx\\\/?s={search_term_string}\"},\"query-input\":{\"@type\":\"PropertyValueSpecification\",\"valueRequired\":true,\"valueName\":\"search_term_string\"}}],\"inLanguage\":\"en-US\"},{\"@type\":\"Organization\",\"@id\":\"https:\\\/\\\/mascotaqriosa.com.mx\\\/#organization\",\"name\":\"MascotaQRiosa\",\"url\":\"https:\\\/\\\/mascotaqriosa.com.mx\\\/\",\"logo\":{\"@type\":\"ImageObject\",\"inLanguage\":\"en-US\",\"@id\":\"https:\\\/\\\/mascotaqriosa.com.mx\\\/#\\\/schema\\\/logo\\\/image\\\/\",\"url\":\"https:\\\/\\\/mascotaqriosa.com.mx\\\/wp-content\\\/uploads\\\/2025\\\/08\\\/logo_footer-2.png\",\"contentUrl\":\"https:\\\/\\\/mascotaqriosa.com.mx\\\/wp-content\\\/uploads\\\/2025\\\/08\\\/logo_footer-2.png\",\"width\":1080,\"height\":1080,\"caption\":\"MascotaQRiosa\"},\"image\":{\"@id\":\"https:\\\/\\\/mascotaqriosa.com.mx\\\/#\\\/schema\\\/logo\\\/image\\\/\"},\"sameAs\":[\"https:\\\/\\\/www.facebook.com\\\/profile.php?id=61581076165222\",\"https:\\\/\\\/www.tiktok.com\\\/@mascotaqriosa\",\"https:\\\/\\\/www.instagram.com\\\/mascotaqriosa\"]}]}<\/script>\n<!-- \/ Yoast SEO plugin. -->","yoast_head_json":{"title":"50 Placas de acero inoxidable | MascotaQRiosa","robots":{"index":"index","follow":"follow","max-snippet":"max-snippet:-1","max-image-preview":"max-image-preview:large","max-video-preview":"max-video-preview:-1"},"canonical":"https:\/\/mascotaqriosa.com.mx\/en\/product\/placas-de-acero-inoxidable-paqute\/","og_locale":"en_US","og_type":"article","og_title":"50 Placas de acero inoxidable | MascotaQRiosa","og_description":"Placa de identificaci\u00f3n para mascotas con c\u00f3digo QR.  Con la placa identificadora de mascota Qriosa siempre estar\u00e1 segura y podr\u00e1 regresar a casa.  El c\u00f3digo QR te lleva a la informaci\u00f3n de la mascota para que puedas regresarla a casa.","og_url":"https:\/\/mascotaqriosa.com.mx\/en\/product\/placas-de-acero-inoxidable-paqute\/","og_site_name":"MascotaQRiosa","article_publisher":"https:\/\/www.facebook.com\/profile.php?id=61581076165222","article_modified_time":"2026-01-31T01:26:53+00:00","og_image":[{"width":512,"height":512,"url":"https:\/\/mascotaqriosa.com.mx\/wp-content\/uploads\/2026\/01\/Placas-Mascota-Qriosa-512-x-512-px-3.png","type":"image\/png"}],"twitter_card":"summary_large_image","twitter_misc":{"Est. reading time":"1 minute"},"schema":{"@context":"https:\/\/schema.org","@graph":[{"@type":"WebPage","@id":"https:\/\/mascotaqriosa.com.mx\/product\/placas-de-acero-inoxidable-paqute\/","url":"https:\/\/mascotaqriosa.com.mx\/product\/placas-de-acero-inoxidable-paqute\/","name":"50 Placas de acero inoxidable | MascotaQRiosa","isPartOf":{"@id":"https:\/\/mascotaqriosa.com.mx\/#website"},"primaryImageOfPage":{"@id":"https:\/\/mascotaqriosa.com.mx\/product\/placas-de-acero-inoxidable-paqute\/#primaryimage"},"image":{"@id":"https:\/\/mascotaqriosa.com.mx\/product\/placas-de-acero-inoxidable-paqute\/#primaryimage"},"thumbnailUrl":"https:\/\/mascotaqriosa.com.mx\/wp-content\/uploads\/2026\/01\/Placas-Mascota-Qriosa-512-x-512-px-3.png","datePublished":"2026-01-31T01:07:13+00:00","dateModified":"2026-01-31T01:26:53+00:00","breadcrumb":{"@id":"https:\/\/mascotaqriosa.com.mx\/product\/placas-de-acero-inoxidable-paqute\/#breadcrumb"},"inLanguage":"en-US","potentialAction":[{"@type":"ReadAction","target":["https:\/\/mascotaqriosa.com.mx\/product\/placas-de-acero-inoxidable-paqute\/"]}]},{"@type":"ImageObject","inLanguage":"en-US","@id":"https:\/\/mascotaqriosa.com.mx\/product\/placas-de-acero-inoxidable-paqute\/#primaryimage","url":"https:\/\/mascotaqriosa.com.mx\/wp-content\/uploads\/2026\/01\/Placas-Mascota-Qriosa-512-x-512-px-3.png","contentUrl":"https:\/\/mascotaqriosa.com.mx\/wp-content\/uploads\/2026\/01\/Placas-Mascota-Qriosa-512-x-512-px-3.png","width":512,"height":512,"caption":"placa de acero inoxidable para mascota perro o gato con qr identificador"},{"@type":"BreadcrumbList","@id":"https:\/\/mascotaqriosa.com.mx\/product\/placas-de-acero-inoxidable-paqute\/#breadcrumb","itemListElement":[{"@type":"ListItem","position":1,"name":"Home","item":"https:\/\/mascotaqriosa.com.mx\/"},{"@type":"ListItem","position":2,"name":"Pet shop","item":"https:\/\/mascotaqriosa.com.mx\/shop\/"},{"@type":"ListItem","position":3,"name":"50 Placas de acero inoxidable"}]},{"@type":"WebSite","@id":"https:\/\/mascotaqriosa.com.mx\/#website","url":"https:\/\/mascotaqriosa.com.mx\/","name":"MascotaQRiosa","description":"La comunidad de mascotas #1 de M\u00e9xico","publisher":{"@id":"https:\/\/mascotaqriosa.com.mx\/#organization"},"potentialAction":[{"@type":"SearchAction","target":{"@type":"EntryPoint","urlTemplate":"https:\/\/mascotaqriosa.com.mx\/?s={search_term_string}"},"query-input":{"@type":"PropertyValueSpecification","valueRequired":true,"valueName":"search_term_string"}}],"inLanguage":"en-US"},{"@type":"Organization","@id":"https:\/\/mascotaqriosa.com.mx\/#organization","name":"MascotaQRiosa","url":"https:\/\/mascotaqriosa.com.mx\/","logo":{"@type":"ImageObject","inLanguage":"en-US","@id":"https:\/\/mascotaqriosa.com.mx\/#\/schema\/logo\/image\/","url":"https:\/\/mascotaqriosa.com.mx\/wp-content\/uploads\/2025\/08\/logo_footer-2.png","contentUrl":"https:\/\/mascotaqriosa.com.mx\/wp-content\/uploads\/2025\/08\/logo_footer-2.png","width":1080,"height":1080,"caption":"MascotaQRiosa"},"image":{"@id":"https:\/\/mascotaqriosa.com.mx\/#\/schema\/logo\/image\/"},"sameAs":["https:\/\/www.facebook.com\/profile.php?id=61581076165222","https:\/\/www.tiktok.com\/@mascotaqriosa","https:\/\/www.instagram.com\/mascotaqriosa"]}]}},"_links":{"self":[{"href":"https:\/\/mascotaqriosa.com.mx\/en\/wp-json\/wp\/v2\/product\/6331","targetHints":{"allow":["GET"]}}],"collection":[{"href":"https:\/\/mascotaqriosa.com.mx\/en\/wp-json\/wp\/v2\/product"}],"about":[{"href":"https:\/\/mascotaqriosa.com.mx\/en\/wp-json\/wp\/v2\/types\/product"}],"replies":[{"embeddable":true,"href":"https:\/\/mascotaqriosa.com.mx\/en\/wp-json\/wp\/v2\/comments?post=6331"}],"version-history":[{"count":2,"href":"https:\/\/mascotaqriosa.com.mx\/en\/wp-json\/wp\/v2\/product\/6331\/revisions"}],"predecessor-version":[{"id":6334,"href":"https:\/\/mascotaqriosa.com.mx\/en\/wp-json\/wp\/v2\/product\/6331\/revisions\/6334"}],"wp:featuredmedia":[{"embeddable":true,"href":"https:\/\/mascotaqriosa.com.mx\/en\/wp-json\/wp\/v2\/media\/6332"}],"wp:attachment":[{"href":"https:\/\/mascotaqriosa.com.mx\/en\/wp-json\/wp\/v2\/media?parent=6331"}],"wp:term":[{"taxonomy":"product_brand","embeddable":true,"href":"https:\/\/mascotaqriosa.com.mx\/en\/wp-json\/wp\/v2\/product_brand?post=6331"},{"taxonomy":"product_cat","embeddable":true,"href":"https:\/\/mascotaqriosa.com.mx\/en\/wp-json\/wp\/v2\/product_cat?post=6331"},{"taxonomy":"product_tag","embeddable":true,"href":"https:\/\/mascotaqriosa.com.mx\/en\/wp-json\/wp\/v2\/product_tag?post=6331"}],"curies":[{"name":"wp","href":"https:\/\/api.w.org\/{rel}","templated":true}]}}