{"id":5422,"date":"2025-11-26T12:44:37","date_gmt":"2025-11-26T18:44:37","guid":{"rendered":"https:\/\/mascotaqriosa.com.mx\/?post_type=product&#038;p=5422"},"modified":"2026-02-25T12:28:17","modified_gmt":"2026-02-25T18:28:17","slug":"grabador-laser-icp-para-veterinarios-con-placas-con-qr-incluidas","status":"publish","type":"product","link":"https:\/\/mascotaqriosa.com.mx\/en\/product\/grabador-laser-icp-para-veterinarios-con-placas-con-qr-incluidas\/","title":{"rendered":"Grabador Laser ICP Para Veterinarios con placas con QR incluidas"},"content":{"rendered":"<p>Ponemos en tus manos un Grabador L\u00e1ser de alta precisi\u00f3n.<\/p>\n<p>Area de grabado de 130x 130 mm y laser de 5 w.<\/p>\n<p>Ideal para personalizar accesorios con estilo y seguridad.<br \/>\nEste paquete incluye plaquitas de aluminio en diferentes colores y modelos, cada una grabada con un c\u00f3digo QR \u00fanico que conecta a un perfil de registro en l\u00ednea<\/p>\n<p>Con este sistema, los due\u00f1os de mascotas pueden registrar a su compa\u00f1ero, en caso de extrav\u00edo, quien encuentre a la mascota solo necesita escanear el QR para contactar al due\u00f1o y ayudarla a regresar a casa.<\/p>\n<p>&nbsp;<\/p>","protected":false},"excerpt":{"rendered":"<p>M\u00e1quina compacta, f\u00e1cil de usar y vers\u00e1til.<br \/>\nplaquitas listas para grabar y vender desde el primer d\u00eda, modelos surtidos y QR previamente grabado para registrar en linea a tu mascota.<br \/>\nSeguridad real para mascotas, con un plus de personalizaci\u00f3n est\u00e9tica.<br \/>\nOportunidad de negocio rentable en el mercado pet-friendly.<br \/>\nIdeal para emprendedores, veterinarias, est\u00e9ticas caninas y amantes de las mascotas.<br \/>\nHaz crecer tu negocio y ofrece un producto que combina tecnolog\u00eda, seguridad y amor por los animales.<br \/>\nPorque cada mascota merece volver a casa.<\/p>","protected":false},"featured_media":5395,"comment_status":"open","ping_status":"closed","template":"","meta":{"_acf_changed":false},"product_brand":[35],"product_cat":[147,146,99],"product_tag":[161,160,158,156,159,157],"class_list":{"0":"post-5422","1":"product","2":"type-product","3":"status-publish","4":"has-post-thumbnail","6":"product_brand-mascotaqriosa","7":"product_cat-grabadora-lasser","8":"product_cat-mayoreo","9":"product_cat-placa-con-qr","10":"product_tag-atencion-personalizada","11":"product_tag-envio-gratis","12":"product_tag-facil-de-usar","13":"product_tag-laser","14":"product_tag-ligero","15":"product_tag-mejor-precio-del-mercado","17":"first","18":"instock","19":"featured","20":"shipping-taxable","21":"purchasable","22":"product-type-variable"},"acf":[],"yoast_head":"<!-- This site is optimized with the Yoast SEO plugin v27.3 - https:\/\/yoast.com\/product\/yoast-seo-wordpress\/ -->\n<title>Grabador Laser ICP Para Veterinarios con placas con QR incluidas | MascotaQRiosa<\/title>\n<meta name=\"description\" content=\"Con tu grabador laser y placas con QR con identificador grabado, emprende o haz mas grande tu negocio, ya sea para tienda de mascotas o veterinario\" \/>\n<meta name=\"robots\" content=\"index, follow, max-snippet:-1, max-image-preview:large, max-video-preview:-1\" \/>\n<link rel=\"canonical\" href=\"https:\/\/mascotaqriosa.com.mx\/en\/product\/grabador-laser-icp-para-veterinarios-con-placas-con-qr-incluidas\/\" \/>\n<meta property=\"og:locale\" content=\"en_US\" \/>\n<meta property=\"og:type\" content=\"article\" \/>\n<meta property=\"og:title\" content=\"Grabador Laser ICP Para Veterinarios con placas con QR incluidas | MascotaQRiosa\" \/>\n<meta property=\"og:description\" content=\"Con tu grabador laser y placas con QR con identificador grabado, emprende o haz mas grande tu negocio, ya sea para tienda de mascotas o veterinario\" \/>\n<meta property=\"og:url\" content=\"https:\/\/mascotaqriosa.com.mx\/en\/product\/grabador-laser-icp-para-veterinarios-con-placas-con-qr-incluidas\/\" \/>\n<meta property=\"og:site_name\" content=\"MascotaQRiosa\" \/>\n<meta property=\"article:publisher\" content=\"https:\/\/www.facebook.com\/profile.php?id=61581076165222\" \/>\n<meta property=\"article:modified_time\" content=\"2026-02-25T18:28:17+00:00\" \/>\n<meta property=\"og:image\" content=\"https:\/\/mascotaqriosa.com.mx\/wp-content\/uploads\/2025\/11\/226.png\" \/>\n\t<meta property=\"og:image:width\" content=\"512\" \/>\n\t<meta property=\"og:image:height\" content=\"512\" \/>\n\t<meta property=\"og:image:type\" content=\"image\/png\" \/>\n<meta name=\"twitter:card\" content=\"summary_large_image\" \/>\n<meta name=\"twitter:label1\" content=\"Est. reading time\" \/>\n\t<meta name=\"twitter:data1\" content=\"1 minute\" \/>\n<script type=\"application\/ld+json\" class=\"yoast-schema-graph\">{\"@context\":\"https:\\\/\\\/schema.org\",\"@graph\":[{\"@type\":\"WebPage\",\"@id\":\"https:\\\/\\\/mascotaqriosa.com.mx\\\/product\\\/grabador-laser-icp-para-veterinarios-con-placas-con-qr-incluidas\\\/\",\"url\":\"https:\\\/\\\/mascotaqriosa.com.mx\\\/product\\\/grabador-laser-icp-para-veterinarios-con-placas-con-qr-incluidas\\\/\",\"name\":\"Grabador Laser ICP Para Veterinarios con placas con QR incluidas | MascotaQRiosa\",\"isPartOf\":{\"@id\":\"https:\\\/\\\/mascotaqriosa.com.mx\\\/#website\"},\"primaryImageOfPage\":{\"@id\":\"https:\\\/\\\/mascotaqriosa.com.mx\\\/product\\\/grabador-laser-icp-para-veterinarios-con-placas-con-qr-incluidas\\\/#primaryimage\"},\"image\":{\"@id\":\"https:\\\/\\\/mascotaqriosa.com.mx\\\/product\\\/grabador-laser-icp-para-veterinarios-con-placas-con-qr-incluidas\\\/#primaryimage\"},\"thumbnailUrl\":\"https:\\\/\\\/mascotaqriosa.com.mx\\\/wp-content\\\/uploads\\\/2025\\\/11\\\/226.png\",\"datePublished\":\"2025-11-26T18:44:37+00:00\",\"dateModified\":\"2026-02-25T18:28:17+00:00\",\"description\":\"Con tu grabador laser y placas con QR con identificador grabado, emprende o haz mas grande tu negocio, ya sea para tienda de mascotas o veterinario\",\"breadcrumb\":{\"@id\":\"https:\\\/\\\/mascotaqriosa.com.mx\\\/product\\\/grabador-laser-icp-para-veterinarios-con-placas-con-qr-incluidas\\\/#breadcrumb\"},\"inLanguage\":\"en-US\",\"potentialAction\":[{\"@type\":\"ReadAction\",\"target\":[\"https:\\\/\\\/mascotaqriosa.com.mx\\\/product\\\/grabador-laser-icp-para-veterinarios-con-placas-con-qr-incluidas\\\/\"]}]},{\"@type\":\"ImageObject\",\"inLanguage\":\"en-US\",\"@id\":\"https:\\\/\\\/mascotaqriosa.com.mx\\\/product\\\/grabador-laser-icp-para-veterinarios-con-placas-con-qr-incluidas\\\/#primaryimage\",\"url\":\"https:\\\/\\\/mascotaqriosa.com.mx\\\/wp-content\\\/uploads\\\/2025\\\/11\\\/226.png\",\"contentUrl\":\"https:\\\/\\\/mascotaqriosa.com.mx\\\/wp-content\\\/uploads\\\/2025\\\/11\\\/226.png\",\"width\":512,\"height\":512,\"caption\":\"grabador laser ICP 5W graba placa, aluminio, carton bambu madera, piel y mas incluye placa para mascotas\"},{\"@type\":\"BreadcrumbList\",\"@id\":\"https:\\\/\\\/mascotaqriosa.com.mx\\\/product\\\/grabador-laser-icp-para-veterinarios-con-placas-con-qr-incluidas\\\/#breadcrumb\",\"itemListElement\":[{\"@type\":\"ListItem\",\"position\":1,\"name\":\"Home\",\"item\":\"https:\\\/\\\/mascotaqriosa.com.mx\\\/\"},{\"@type\":\"ListItem\",\"position\":2,\"name\":\"Pet shop\",\"item\":\"https:\\\/\\\/mascotaqriosa.com.mx\\\/shop\\\/\"},{\"@type\":\"ListItem\",\"position\":3,\"name\":\"Grabador Laser ICP Para Veterinarios con placas con QR incluidas\"}]},{\"@type\":\"WebSite\",\"@id\":\"https:\\\/\\\/mascotaqriosa.com.mx\\\/#website\",\"url\":\"https:\\\/\\\/mascotaqriosa.com.mx\\\/\",\"name\":\"MascotaQRiosa\",\"description\":\"La comunidad de mascotas #1 de M\u00e9xico\",\"publisher\":{\"@id\":\"https:\\\/\\\/mascotaqriosa.com.mx\\\/#organization\"},\"potentialAction\":[{\"@type\":\"SearchAction\",\"target\":{\"@type\":\"EntryPoint\",\"urlTemplate\":\"https:\\\/\\\/mascotaqriosa.com.mx\\\/?s={search_term_string}\"},\"query-input\":{\"@type\":\"PropertyValueSpecification\",\"valueRequired\":true,\"valueName\":\"search_term_string\"}}],\"inLanguage\":\"en-US\"},{\"@type\":\"Organization\",\"@id\":\"https:\\\/\\\/mascotaqriosa.com.mx\\\/#organization\",\"name\":\"MascotaQRiosa\",\"url\":\"https:\\\/\\\/mascotaqriosa.com.mx\\\/\",\"logo\":{\"@type\":\"ImageObject\",\"inLanguage\":\"en-US\",\"@id\":\"https:\\\/\\\/mascotaqriosa.com.mx\\\/#\\\/schema\\\/logo\\\/image\\\/\",\"url\":\"https:\\\/\\\/mascotaqriosa.com.mx\\\/wp-content\\\/uploads\\\/2025\\\/08\\\/logo_footer-2.png\",\"contentUrl\":\"https:\\\/\\\/mascotaqriosa.com.mx\\\/wp-content\\\/uploads\\\/2025\\\/08\\\/logo_footer-2.png\",\"width\":1080,\"height\":1080,\"caption\":\"MascotaQRiosa\"},\"image\":{\"@id\":\"https:\\\/\\\/mascotaqriosa.com.mx\\\/#\\\/schema\\\/logo\\\/image\\\/\"},\"sameAs\":[\"https:\\\/\\\/www.facebook.com\\\/profile.php?id=61581076165222\",\"https:\\\/\\\/www.tiktok.com\\\/@mascotaqriosa\",\"https:\\\/\\\/www.instagram.com\\\/mascotaqriosa\"]}]}<\/script>\n<!-- \/ Yoast SEO plugin. -->","yoast_head_json":{"title":"Grabador Laser ICP Para Veterinarios con placas con QR incluidas | MascotaQRiosa","description":"Con tu grabador laser y placas con QR con identificador grabado, emprende o haz mas grande tu negocio, ya sea para tienda de mascotas o veterinario","robots":{"index":"index","follow":"follow","max-snippet":"max-snippet:-1","max-image-preview":"max-image-preview:large","max-video-preview":"max-video-preview:-1"},"canonical":"https:\/\/mascotaqriosa.com.mx\/en\/product\/grabador-laser-icp-para-veterinarios-con-placas-con-qr-incluidas\/","og_locale":"en_US","og_type":"article","og_title":"Grabador Laser ICP Para Veterinarios con placas con QR incluidas | MascotaQRiosa","og_description":"Con tu grabador laser y placas con QR con identificador grabado, emprende o haz mas grande tu negocio, ya sea para tienda de mascotas o veterinario","og_url":"https:\/\/mascotaqriosa.com.mx\/en\/product\/grabador-laser-icp-para-veterinarios-con-placas-con-qr-incluidas\/","og_site_name":"MascotaQRiosa","article_publisher":"https:\/\/www.facebook.com\/profile.php?id=61581076165222","article_modified_time":"2026-02-25T18:28:17+00:00","og_image":[{"width":512,"height":512,"url":"https:\/\/mascotaqriosa.com.mx\/wp-content\/uploads\/2025\/11\/226.png","type":"image\/png"}],"twitter_card":"summary_large_image","twitter_misc":{"Est. reading time":"1 minute"},"schema":{"@context":"https:\/\/schema.org","@graph":[{"@type":"WebPage","@id":"https:\/\/mascotaqriosa.com.mx\/product\/grabador-laser-icp-para-veterinarios-con-placas-con-qr-incluidas\/","url":"https:\/\/mascotaqriosa.com.mx\/product\/grabador-laser-icp-para-veterinarios-con-placas-con-qr-incluidas\/","name":"Grabador Laser ICP Para Veterinarios con placas con QR incluidas | MascotaQRiosa","isPartOf":{"@id":"https:\/\/mascotaqriosa.com.mx\/#website"},"primaryImageOfPage":{"@id":"https:\/\/mascotaqriosa.com.mx\/product\/grabador-laser-icp-para-veterinarios-con-placas-con-qr-incluidas\/#primaryimage"},"image":{"@id":"https:\/\/mascotaqriosa.com.mx\/product\/grabador-laser-icp-para-veterinarios-con-placas-con-qr-incluidas\/#primaryimage"},"thumbnailUrl":"https:\/\/mascotaqriosa.com.mx\/wp-content\/uploads\/2025\/11\/226.png","datePublished":"2025-11-26T18:44:37+00:00","dateModified":"2026-02-25T18:28:17+00:00","description":"Con tu grabador laser y placas con QR con identificador grabado, emprende o haz mas grande tu negocio, ya sea para tienda de mascotas o veterinario","breadcrumb":{"@id":"https:\/\/mascotaqriosa.com.mx\/product\/grabador-laser-icp-para-veterinarios-con-placas-con-qr-incluidas\/#breadcrumb"},"inLanguage":"en-US","potentialAction":[{"@type":"ReadAction","target":["https:\/\/mascotaqriosa.com.mx\/product\/grabador-laser-icp-para-veterinarios-con-placas-con-qr-incluidas\/"]}]},{"@type":"ImageObject","inLanguage":"en-US","@id":"https:\/\/mascotaqriosa.com.mx\/product\/grabador-laser-icp-para-veterinarios-con-placas-con-qr-incluidas\/#primaryimage","url":"https:\/\/mascotaqriosa.com.mx\/wp-content\/uploads\/2025\/11\/226.png","contentUrl":"https:\/\/mascotaqriosa.com.mx\/wp-content\/uploads\/2025\/11\/226.png","width":512,"height":512,"caption":"grabador laser ICP 5W graba placa, aluminio, carton bambu madera, piel y mas incluye placa para mascotas"},{"@type":"BreadcrumbList","@id":"https:\/\/mascotaqriosa.com.mx\/product\/grabador-laser-icp-para-veterinarios-con-placas-con-qr-incluidas\/#breadcrumb","itemListElement":[{"@type":"ListItem","position":1,"name":"Home","item":"https:\/\/mascotaqriosa.com.mx\/"},{"@type":"ListItem","position":2,"name":"Pet shop","item":"https:\/\/mascotaqriosa.com.mx\/shop\/"},{"@type":"ListItem","position":3,"name":"Grabador Laser ICP Para Veterinarios con placas con QR incluidas"}]},{"@type":"WebSite","@id":"https:\/\/mascotaqriosa.com.mx\/#website","url":"https:\/\/mascotaqriosa.com.mx\/","name":"MascotaQRiosa","description":"La comunidad de mascotas #1 de M\u00e9xico","publisher":{"@id":"https:\/\/mascotaqriosa.com.mx\/#organization"},"potentialAction":[{"@type":"SearchAction","target":{"@type":"EntryPoint","urlTemplate":"https:\/\/mascotaqriosa.com.mx\/?s={search_term_string}"},"query-input":{"@type":"PropertyValueSpecification","valueRequired":true,"valueName":"search_term_string"}}],"inLanguage":"en-US"},{"@type":"Organization","@id":"https:\/\/mascotaqriosa.com.mx\/#organization","name":"MascotaQRiosa","url":"https:\/\/mascotaqriosa.com.mx\/","logo":{"@type":"ImageObject","inLanguage":"en-US","@id":"https:\/\/mascotaqriosa.com.mx\/#\/schema\/logo\/image\/","url":"https:\/\/mascotaqriosa.com.mx\/wp-content\/uploads\/2025\/08\/logo_footer-2.png","contentUrl":"https:\/\/mascotaqriosa.com.mx\/wp-content\/uploads\/2025\/08\/logo_footer-2.png","width":1080,"height":1080,"caption":"MascotaQRiosa"},"image":{"@id":"https:\/\/mascotaqriosa.com.mx\/#\/schema\/logo\/image\/"},"sameAs":["https:\/\/www.facebook.com\/profile.php?id=61581076165222","https:\/\/www.tiktok.com\/@mascotaqriosa","https:\/\/www.instagram.com\/mascotaqriosa"]}]}},"_links":{"self":[{"href":"https:\/\/mascotaqriosa.com.mx\/en\/wp-json\/wp\/v2\/product\/5422","targetHints":{"allow":["GET"]}}],"collection":[{"href":"https:\/\/mascotaqriosa.com.mx\/en\/wp-json\/wp\/v2\/product"}],"about":[{"href":"https:\/\/mascotaqriosa.com.mx\/en\/wp-json\/wp\/v2\/types\/product"}],"replies":[{"embeddable":true,"href":"https:\/\/mascotaqriosa.com.mx\/en\/wp-json\/wp\/v2\/comments?post=5422"}],"version-history":[{"count":4,"href":"https:\/\/mascotaqriosa.com.mx\/en\/wp-json\/wp\/v2\/product\/5422\/revisions"}],"predecessor-version":[{"id":5431,"href":"https:\/\/mascotaqriosa.com.mx\/en\/wp-json\/wp\/v2\/product\/5422\/revisions\/5431"}],"wp:featuredmedia":[{"embeddable":true,"href":"https:\/\/mascotaqriosa.com.mx\/en\/wp-json\/wp\/v2\/media\/5395"}],"wp:attachment":[{"href":"https:\/\/mascotaqriosa.com.mx\/en\/wp-json\/wp\/v2\/media?parent=5422"}],"wp:term":[{"taxonomy":"product_brand","embeddable":true,"href":"https:\/\/mascotaqriosa.com.mx\/en\/wp-json\/wp\/v2\/product_brand?post=5422"},{"taxonomy":"product_cat","embeddable":true,"href":"https:\/\/mascotaqriosa.com.mx\/en\/wp-json\/wp\/v2\/product_cat?post=5422"},{"taxonomy":"product_tag","embeddable":true,"href":"https:\/\/mascotaqriosa.com.mx\/en\/wp-json\/wp\/v2\/product_tag?post=5422"}],"curies":[{"name":"wp","href":"https:\/\/api.w.org\/{rel}","templated":true}]}}