{"id":5399,"date":"2025-11-26T12:07:32","date_gmt":"2025-11-26T18:07:32","guid":{"rendered":"https:\/\/mascotaqriosa.com.mx\/?post_type=product&#038;p=5399"},"modified":"2026-04-01T18:26:38","modified_gmt":"2026-04-02T00:26:38","slug":"grabador-laser-k10","status":"publish","type":"product","link":"https:\/\/mascotaqriosa.com.mx\/en\/product\/grabador-laser-k10\/","title":{"rendered":"K10 Laser Engraver for Veterinarians with QR tags included."},"content":{"rendered":"<div data-elementor-type=\"product-post\" data-elementor-id=\"5399\" class=\"elementor elementor-5399\" data-elementor-post-type=\"product\">\n\t\t\t\t<div class=\"elementor-element elementor-element-7f82bf01 e-flex e-con-boxed e-con e-parent\" data-id=\"7f82bf01\" data-element_type=\"container\" data-e-type=\"container\">\n\t\t\t\t\t<div class=\"e-con-inner\">\n\t\t\t\t<div class=\"elementor-element elementor-element-6e19c5e1 elementor-widget elementor-widget-text-editor\" data-id=\"6e19c5e1\" data-element_type=\"widget\" data-e-type=\"widget\" data-widget_type=\"text-editor.default\">\n\t\t\t\t\t\t\t\t\tM\u00e1quina compacta, f\u00e1cil de usar y vers\u00e1til.\r\n\r\n50 plaquitas listas para grabar y vender desde el primer d\u00eda, modelos surtidos y QR previamente grabado\r\n\r\nSeguridad real para mascotas, con un plus de personalizaci\u00f3n est\u00e9tica.\r\n\r\nOportunidad de negocio rentable en el mercado pet-friendly.\r\n\r\nIdeal para emprendedores, veterinarias, est\u00e9ticas caninas y amantes de las mascotas.\r\n\r\nHaz crecer tu negocio y ofrece un producto que combina tecnolog\u00eda, seguridad y amor por los animales.\r\n\r\nPorque cada mascota merece volver a casa.\t\t\t\t\t\t\t\t<\/div>\n\t\t\t\t\t<\/div>\n\t\t\t\t<\/div>\n\t\t<div class=\"elementor-element elementor-element-ad8fa66 e-flex e-con-boxed e-con e-parent\" data-id=\"ad8fa66\" data-element_type=\"container\" data-e-type=\"container\">\n\t\t\t\t\t<div class=\"e-con-inner\">\n\t\t\t\t<div class=\"elementor-element elementor-element-9480241 elementor-widget elementor-widget-image\" data-id=\"9480241\" data-element_type=\"widget\" data-e-type=\"widget\" data-widget_type=\"image.default\">\n\t\t\t\t\t\t\t\t\t\t\t\t\t\t\t<img decoding=\"async\" src=\"https:\/\/mascotaqriosa.com.mx\/wp-content\/plugins\/elementor\/assets\/images\/placeholder.png\" title=\"\" alt=\"\" loading=\"lazy\" \/>\t\t\t\t\t\t\t\t\t\t\t\t\t\t\t<\/div>\n\t\t\t\t\t<\/div>\n\t\t\t\t<\/div>\n\t\t\t\t<\/div>","protected":false},"excerpt":{"rendered":"<p>M\u00e1quina compacta, f\u00e1cil de usar y vers\u00e1til.<br \/>\nplaquitas listas para grabar y vender desde el primer d\u00eda, modelos surtidos y QR previamente grabado para registrar en linea a tu mascota.<br \/>\nSeguridad real para mascotas, con un plus de personalizaci\u00f3n est\u00e9tica.<br \/>\nOportunidad de negocio rentable en el mercado pet-friendly.<br \/>\nIdeal para emprendedores, veterinarias, est\u00e9ticas caninas y amantes de las mascotas.<br \/>\nHaz crecer tu negocio y ofrece un producto que combina tecnolog\u00eda, seguridad y amor por los animales.<br \/>\nPorque cada mascota merece volver a casa.<\/p>\n<p>INCLUYE UN EXHIBIDOR DE MASCOTA QRIOSA<\/p>","protected":false},"featured_media":5396,"comment_status":"open","ping_status":"closed","template":"","meta":{"_acf_changed":false},"product_brand":[35],"product_cat":[147,146,99],"product_tag":[161,160,158,156,159,157],"class_list":{"0":"post-5399","1":"product","2":"type-product","3":"status-publish","4":"has-post-thumbnail","6":"product_brand-mascotaqriosa","7":"product_cat-grabadora-lasser","8":"product_cat-mayoreo","9":"product_cat-placa-con-qr","10":"product_tag-atencion-personalizada","11":"product_tag-envio-gratis","12":"product_tag-facil-de-usar","13":"product_tag-laser","14":"product_tag-ligero","15":"product_tag-mejor-precio-del-mercado","17":"first","18":"instock","19":"featured","20":"shipping-taxable","21":"purchasable","22":"product-type-variable"},"acf":[],"yoast_head":"<!-- This site is optimized with the Yoast SEO plugin v27.3 - https:\/\/yoast.com\/product\/yoast-seo-wordpress\/ -->\n<title>Grabador Laser K10 Para Veterinarios con placas con QR incluidas | MascotaQRiosa<\/title>\n<meta name=\"description\" content=\"Con tu grabador laser y placas con QR con identificador grabado, emprende o haz mas grande tu negocio, ya sea para tienda de mascotas o veterinario\" \/>\n<meta name=\"robots\" content=\"index, follow, max-snippet:-1, max-image-preview:large, max-video-preview:-1\" \/>\n<link rel=\"canonical\" href=\"https:\/\/mascotaqriosa.com.mx\/en\/product\/grabador-laser-k10\/\" \/>\n<meta property=\"og:locale\" content=\"en_US\" \/>\n<meta property=\"og:type\" content=\"article\" \/>\n<meta property=\"og:title\" content=\"Grabador Laser K10 Para Veterinarios con placas con QR incluidas | MascotaQRiosa\" \/>\n<meta property=\"og:description\" content=\"Con tu grabador laser y placas con QR con identificador grabado, emprende o haz mas grande tu negocio, ya sea para tienda de mascotas o veterinario\" \/>\n<meta property=\"og:url\" content=\"https:\/\/mascotaqriosa.com.mx\/en\/product\/grabador-laser-k10\/\" \/>\n<meta property=\"og:site_name\" content=\"MascotaQRiosa\" \/>\n<meta property=\"article:publisher\" content=\"https:\/\/www.facebook.com\/profile.php?id=61581076165222\" \/>\n<meta property=\"article:modified_time\" content=\"2026-04-02T00:26:38+00:00\" \/>\n<meta property=\"og:image\" content=\"https:\/\/mascotaqriosa.com.mx\/wp-content\/uploads\/2025\/11\/227.png\" \/>\n\t<meta property=\"og:image:width\" content=\"512\" \/>\n\t<meta property=\"og:image:height\" content=\"512\" \/>\n\t<meta property=\"og:image:type\" content=\"image\/png\" \/>\n<meta name=\"twitter:card\" content=\"summary_large_image\" \/>\n<meta name=\"twitter:label1\" content=\"Est. reading time\" \/>\n\t<meta name=\"twitter:data1\" content=\"1 minute\" \/>\n<script type=\"application\/ld+json\" class=\"yoast-schema-graph\">{\"@context\":\"https:\\\/\\\/schema.org\",\"@graph\":[{\"@type\":\"WebPage\",\"@id\":\"https:\\\/\\\/mascotaqriosa.com.mx\\\/product\\\/grabador-laser-k10\\\/\",\"url\":\"https:\\\/\\\/mascotaqriosa.com.mx\\\/product\\\/grabador-laser-k10\\\/\",\"name\":\"Grabador Laser K10 Para Veterinarios con placas con QR incluidas | MascotaQRiosa\",\"isPartOf\":{\"@id\":\"https:\\\/\\\/mascotaqriosa.com.mx\\\/#website\"},\"primaryImageOfPage\":{\"@id\":\"https:\\\/\\\/mascotaqriosa.com.mx\\\/product\\\/grabador-laser-k10\\\/#primaryimage\"},\"image\":{\"@id\":\"https:\\\/\\\/mascotaqriosa.com.mx\\\/product\\\/grabador-laser-k10\\\/#primaryimage\"},\"thumbnailUrl\":\"https:\\\/\\\/mascotaqriosa.com.mx\\\/wp-content\\\/uploads\\\/2025\\\/11\\\/227.png\",\"datePublished\":\"2025-11-26T18:07:32+00:00\",\"dateModified\":\"2026-04-02T00:26:38+00:00\",\"description\":\"Con tu grabador laser y placas con QR con identificador grabado, emprende o haz mas grande tu negocio, ya sea para tienda de mascotas o veterinario\",\"breadcrumb\":{\"@id\":\"https:\\\/\\\/mascotaqriosa.com.mx\\\/product\\\/grabador-laser-k10\\\/#breadcrumb\"},\"inLanguage\":\"en-US\",\"potentialAction\":[{\"@type\":\"ReadAction\",\"target\":[\"https:\\\/\\\/mascotaqriosa.com.mx\\\/product\\\/grabador-laser-k10\\\/\"]}]},{\"@type\":\"ImageObject\",\"inLanguage\":\"en-US\",\"@id\":\"https:\\\/\\\/mascotaqriosa.com.mx\\\/product\\\/grabador-laser-k10\\\/#primaryimage\",\"url\":\"https:\\\/\\\/mascotaqriosa.com.mx\\\/wp-content\\\/uploads\\\/2025\\\/11\\\/227.png\",\"contentUrl\":\"https:\\\/\\\/mascotaqriosa.com.mx\\\/wp-content\\\/uploads\\\/2025\\\/11\\\/227.png\",\"width\":512,\"height\":512,\"caption\":\"grabador laser Wanilux 3w, graba placa, aluminio, carton bambu madera, piel y mas incluye placa para mascotas\"},{\"@type\":\"BreadcrumbList\",\"@id\":\"https:\\\/\\\/mascotaqriosa.com.mx\\\/product\\\/grabador-laser-k10\\\/#breadcrumb\",\"itemListElement\":[{\"@type\":\"ListItem\",\"position\":1,\"name\":\"Home\",\"item\":\"https:\\\/\\\/mascotaqriosa.com.mx\\\/\"},{\"@type\":\"ListItem\",\"position\":2,\"name\":\"Pet shop\",\"item\":\"https:\\\/\\\/mascotaqriosa.com.mx\\\/shop\\\/\"},{\"@type\":\"ListItem\",\"position\":3,\"name\":\"Grabador Laser K10 Para Veterinarios con placas con QR incluidas\"}]},{\"@type\":\"WebSite\",\"@id\":\"https:\\\/\\\/mascotaqriosa.com.mx\\\/#website\",\"url\":\"https:\\\/\\\/mascotaqriosa.com.mx\\\/\",\"name\":\"MascotaQRiosa\",\"description\":\"La comunidad de mascotas #1 de M\u00e9xico\",\"publisher\":{\"@id\":\"https:\\\/\\\/mascotaqriosa.com.mx\\\/#organization\"},\"potentialAction\":[{\"@type\":\"SearchAction\",\"target\":{\"@type\":\"EntryPoint\",\"urlTemplate\":\"https:\\\/\\\/mascotaqriosa.com.mx\\\/?s={search_term_string}\"},\"query-input\":{\"@type\":\"PropertyValueSpecification\",\"valueRequired\":true,\"valueName\":\"search_term_string\"}}],\"inLanguage\":\"en-US\"},{\"@type\":\"Organization\",\"@id\":\"https:\\\/\\\/mascotaqriosa.com.mx\\\/#organization\",\"name\":\"MascotaQRiosa\",\"url\":\"https:\\\/\\\/mascotaqriosa.com.mx\\\/\",\"logo\":{\"@type\":\"ImageObject\",\"inLanguage\":\"en-US\",\"@id\":\"https:\\\/\\\/mascotaqriosa.com.mx\\\/#\\\/schema\\\/logo\\\/image\\\/\",\"url\":\"https:\\\/\\\/mascotaqriosa.com.mx\\\/wp-content\\\/uploads\\\/2025\\\/08\\\/logo_footer-2.png\",\"contentUrl\":\"https:\\\/\\\/mascotaqriosa.com.mx\\\/wp-content\\\/uploads\\\/2025\\\/08\\\/logo_footer-2.png\",\"width\":1080,\"height\":1080,\"caption\":\"MascotaQRiosa\"},\"image\":{\"@id\":\"https:\\\/\\\/mascotaqriosa.com.mx\\\/#\\\/schema\\\/logo\\\/image\\\/\"},\"sameAs\":[\"https:\\\/\\\/www.facebook.com\\\/profile.php?id=61581076165222\",\"https:\\\/\\\/www.tiktok.com\\\/@mascotaqriosa\",\"https:\\\/\\\/www.instagram.com\\\/mascotaqriosa\"]}]}<\/script>\n<!-- \/ Yoast SEO plugin. -->","yoast_head_json":{"title":"Grabador Laser K10 Para Veterinarios con placas con QR incluidas | MascotaQRiosa","description":"Con tu grabador laser y placas con QR con identificador grabado, emprende o haz mas grande tu negocio, ya sea para tienda de mascotas o veterinario","robots":{"index":"index","follow":"follow","max-snippet":"max-snippet:-1","max-image-preview":"max-image-preview:large","max-video-preview":"max-video-preview:-1"},"canonical":"https:\/\/mascotaqriosa.com.mx\/en\/product\/grabador-laser-k10\/","og_locale":"en_US","og_type":"article","og_title":"Grabador Laser K10 Para Veterinarios con placas con QR incluidas | MascotaQRiosa","og_description":"Con tu grabador laser y placas con QR con identificador grabado, emprende o haz mas grande tu negocio, ya sea para tienda de mascotas o veterinario","og_url":"https:\/\/mascotaqriosa.com.mx\/en\/product\/grabador-laser-k10\/","og_site_name":"MascotaQRiosa","article_publisher":"https:\/\/www.facebook.com\/profile.php?id=61581076165222","article_modified_time":"2026-04-02T00:26:38+00:00","og_image":[{"width":512,"height":512,"url":"https:\/\/mascotaqriosa.com.mx\/wp-content\/uploads\/2025\/11\/227.png","type":"image\/png"}],"twitter_card":"summary_large_image","twitter_misc":{"Est. reading time":"1 minute"},"schema":{"@context":"https:\/\/schema.org","@graph":[{"@type":"WebPage","@id":"https:\/\/mascotaqriosa.com.mx\/product\/grabador-laser-k10\/","url":"https:\/\/mascotaqriosa.com.mx\/product\/grabador-laser-k10\/","name":"Grabador Laser K10 Para Veterinarios con placas con QR incluidas | MascotaQRiosa","isPartOf":{"@id":"https:\/\/mascotaqriosa.com.mx\/#website"},"primaryImageOfPage":{"@id":"https:\/\/mascotaqriosa.com.mx\/product\/grabador-laser-k10\/#primaryimage"},"image":{"@id":"https:\/\/mascotaqriosa.com.mx\/product\/grabador-laser-k10\/#primaryimage"},"thumbnailUrl":"https:\/\/mascotaqriosa.com.mx\/wp-content\/uploads\/2025\/11\/227.png","datePublished":"2025-11-26T18:07:32+00:00","dateModified":"2026-04-02T00:26:38+00:00","description":"Con tu grabador laser y placas con QR con identificador grabado, emprende o haz mas grande tu negocio, ya sea para tienda de mascotas o veterinario","breadcrumb":{"@id":"https:\/\/mascotaqriosa.com.mx\/product\/grabador-laser-k10\/#breadcrumb"},"inLanguage":"en-US","potentialAction":[{"@type":"ReadAction","target":["https:\/\/mascotaqriosa.com.mx\/product\/grabador-laser-k10\/"]}]},{"@type":"ImageObject","inLanguage":"en-US","@id":"https:\/\/mascotaqriosa.com.mx\/product\/grabador-laser-k10\/#primaryimage","url":"https:\/\/mascotaqriosa.com.mx\/wp-content\/uploads\/2025\/11\/227.png","contentUrl":"https:\/\/mascotaqriosa.com.mx\/wp-content\/uploads\/2025\/11\/227.png","width":512,"height":512,"caption":"grabador laser Wanilux 3w, graba placa, aluminio, carton bambu madera, piel y mas incluye placa para mascotas"},{"@type":"BreadcrumbList","@id":"https:\/\/mascotaqriosa.com.mx\/product\/grabador-laser-k10\/#breadcrumb","itemListElement":[{"@type":"ListItem","position":1,"name":"Home","item":"https:\/\/mascotaqriosa.com.mx\/"},{"@type":"ListItem","position":2,"name":"Pet shop","item":"https:\/\/mascotaqriosa.com.mx\/shop\/"},{"@type":"ListItem","position":3,"name":"Grabador Laser K10 Para Veterinarios con placas con QR incluidas"}]},{"@type":"WebSite","@id":"https:\/\/mascotaqriosa.com.mx\/#website","url":"https:\/\/mascotaqriosa.com.mx\/","name":"MascotaQRiosa","description":"La comunidad de mascotas #1 de M\u00e9xico","publisher":{"@id":"https:\/\/mascotaqriosa.com.mx\/#organization"},"potentialAction":[{"@type":"SearchAction","target":{"@type":"EntryPoint","urlTemplate":"https:\/\/mascotaqriosa.com.mx\/?s={search_term_string}"},"query-input":{"@type":"PropertyValueSpecification","valueRequired":true,"valueName":"search_term_string"}}],"inLanguage":"en-US"},{"@type":"Organization","@id":"https:\/\/mascotaqriosa.com.mx\/#organization","name":"MascotaQRiosa","url":"https:\/\/mascotaqriosa.com.mx\/","logo":{"@type":"ImageObject","inLanguage":"en-US","@id":"https:\/\/mascotaqriosa.com.mx\/#\/schema\/logo\/image\/","url":"https:\/\/mascotaqriosa.com.mx\/wp-content\/uploads\/2025\/08\/logo_footer-2.png","contentUrl":"https:\/\/mascotaqriosa.com.mx\/wp-content\/uploads\/2025\/08\/logo_footer-2.png","width":1080,"height":1080,"caption":"MascotaQRiosa"},"image":{"@id":"https:\/\/mascotaqriosa.com.mx\/#\/schema\/logo\/image\/"},"sameAs":["https:\/\/www.facebook.com\/profile.php?id=61581076165222","https:\/\/www.tiktok.com\/@mascotaqriosa","https:\/\/www.instagram.com\/mascotaqriosa"]}]}},"_links":{"self":[{"href":"https:\/\/mascotaqriosa.com.mx\/en\/wp-json\/wp\/v2\/product\/5399","targetHints":{"allow":["GET"]}}],"collection":[{"href":"https:\/\/mascotaqriosa.com.mx\/en\/wp-json\/wp\/v2\/product"}],"about":[{"href":"https:\/\/mascotaqriosa.com.mx\/en\/wp-json\/wp\/v2\/types\/product"}],"replies":[{"embeddable":true,"href":"https:\/\/mascotaqriosa.com.mx\/en\/wp-json\/wp\/v2\/comments?post=5399"}],"version-history":[{"count":4,"href":"https:\/\/mascotaqriosa.com.mx\/en\/wp-json\/wp\/v2\/product\/5399\/revisions"}],"predecessor-version":[{"id":6088,"href":"https:\/\/mascotaqriosa.com.mx\/en\/wp-json\/wp\/v2\/product\/5399\/revisions\/6088"}],"wp:featuredmedia":[{"embeddable":true,"href":"https:\/\/mascotaqriosa.com.mx\/en\/wp-json\/wp\/v2\/media\/5396"}],"wp:attachment":[{"href":"https:\/\/mascotaqriosa.com.mx\/en\/wp-json\/wp\/v2\/media?parent=5399"}],"wp:term":[{"taxonomy":"product_brand","embeddable":true,"href":"https:\/\/mascotaqriosa.com.mx\/en\/wp-json\/wp\/v2\/product_brand?post=5399"},{"taxonomy":"product_cat","embeddable":true,"href":"https:\/\/mascotaqriosa.com.mx\/en\/wp-json\/wp\/v2\/product_cat?post=5399"},{"taxonomy":"product_tag","embeddable":true,"href":"https:\/\/mascotaqriosa.com.mx\/en\/wp-json\/wp\/v2\/product_tag?post=5399"}],"curies":[{"name":"wp","href":"https:\/\/api.w.org\/{rel}","templated":true}]}}