{"id":4235,"date":"2025-09-15T15:01:17","date_gmt":"2025-09-15T21:01:17","guid":{"rendered":"https:\/\/mascotaqriosa.com.mx\/?post_type=product&#038;p=4235"},"modified":"2025-11-26T16:29:37","modified_gmt":"2025-11-26T22:29:37","slug":"premios-de-pulmon-de-res","status":"publish","type":"product","link":"https:\/\/mascotaqriosa.com.mx\/en\/product\/premios-de-pulmon-de-res\/","title":{"rendered":"Premios de Pulm\u00f3n de Res"},"content":{"rendered":"<p>Administre como premio, sazonador o topping para croquetas.<\/p>\n<p>Nuestros premios deshidratados son hechos con ingredientes de alta calidad, y est\u00e1n libres de conservantes y ingredientes artificiales.<\/p>\n<p>Adem\u00e1s, son f\u00e1ciles de llevar y almacenar, lo que los hace perfectos para llevarlos en el bolso o en la mochila durante paseos o viajes.<\/p>\n<p>Ofrezca a su perro una recompensa de alta calidad con nuestros premios deshidratados.<\/p>\n<p>\u00a1Haga su pedido hoy mismo y vea por qu\u00e9 nuestros premios son una opci\u00f3n popular entre los due\u00f1os de perros!<\/p>\n<p>12 premios por paquete<\/p>","protected":false},"excerpt":{"rendered":"<p><!--StartFragment --><\/p>\n<p>El <strong>pulm\u00f3n de res,<\/strong> un snack funcional y natural que ofrece m\u00faltiples beneficios para perros y gatos<\/p>\n<p><strong>Con hierro, Acidos Grasos y Vitaminas, ayudan a mantener saludable la piel, el pelaje y a fortalecer el sistema inmunol\u00f3gico de tu mascota.<\/strong><\/p>\n<ul>\n<li><strong>Alta fuente de prote\u00edna<\/strong><br \/>\n90% de prote\u00edna, ideal para fortalecer m\u00fasculos y mantener energ\u00eda.<\/li>\n<li><strong>Rico en vitamina D<\/strong><br \/>\nAyuda a fortalecer huesos, piel y sistema inmunol\u00f3gico. Puede prevenir enfermedades como c\u00e1ncer y deficiencias inmunol\u00f3gicas.<\/li>\n<li><strong>Alto contenido de hierro<\/strong><br \/>\nContribuye a prevenir la anemia ferrop\u00e9nica, especialmente en perros activos o en crecimiento.<\/li>\n<li><strong>Bajo en grasa y sin cereales<\/strong><br \/>\nPerfecto para mascotas con alergias o dietas sensibles. No contiene gluten ni conservadores artificiales.<\/li>\n<li><strong>F\u00e1cil de digerir<\/strong><br \/>\nM\u00e1s del 99% digerible, lo que lo hace apto para perros de todas las edades, incluso cachorros desde los 3 meses.<\/li>\n<li><strong>Ayuda a la salud dental y emocional<\/strong><br \/>\nAl ser masticable, fortalece la mand\u00edbula, limpia los dientes y reduce el estr\u00e9s.<\/li>\n<\/ul>\n<p>&nbsp;<\/p>\n<p><!--EndFragment --><\/p>","protected":false},"featured_media":4244,"comment_status":"open","ping_status":"closed","template":"","meta":{"_acf_changed":false},"product_brand":[35],"product_cat":[97,98,96,123],"product_tag":[75,76,138,143,145,142,139,144],"class_list":{"0":"post-4235","1":"product","2":"type-product","3":"status-publish","4":"has-post-thumbnail","6":"product_brand-mascotaqriosa","7":"product_cat-gato","8":"product_cat-mascotas","9":"product_cat-perro","10":"product_cat-premios","11":"product_tag-gatos","12":"product_tag-perros","13":"product_tag-premios","14":"product_tag-premios-para-mascotas","15":"product_tag-proteina","16":"product_tag-pulmon-de-res","17":"product_tag-snacks","18":"product_tag-snacks-para-mascotas","20":"first","21":"instock","22":"shipping-taxable","23":"purchasable","24":"product-type-variable"},"acf":[],"yoast_head":"<!-- This site is optimized with the Yoast SEO plugin v27.3 - https:\/\/yoast.com\/product\/yoast-seo-wordpress\/ -->\n<title>Premios de Pulm\u00f3n de Res | MascotaQRiosa<\/title>\n<meta name=\"description\" content=\"Premie a su mejor amigo con nuestros snacks y premios para tu mascota de pulmon de res. \u00a1Sazone sus croquetas y haga felices a sus mascotas!\" \/>\n<meta name=\"robots\" content=\"index, follow, max-snippet:-1, max-image-preview:large, max-video-preview:-1\" \/>\n<link rel=\"canonical\" href=\"https:\/\/mascotaqriosa.com.mx\/en\/product\/premios-de-pulmon-de-res\/\" \/>\n<meta property=\"og:locale\" content=\"en_US\" \/>\n<meta property=\"og:type\" content=\"article\" \/>\n<meta property=\"og:title\" content=\"Premios de Pulm\u00f3n de Res | MascotaQRiosa\" \/>\n<meta property=\"og:description\" content=\"Premie a su mejor amigo con nuestros snacks y premios para tu mascota de pulmon de res. \u00a1Sazone sus croquetas y haga felices a sus mascotas!\" \/>\n<meta property=\"og:url\" content=\"https:\/\/mascotaqriosa.com.mx\/en\/product\/premios-de-pulmon-de-res\/\" \/>\n<meta property=\"og:site_name\" content=\"MascotaQRiosa\" \/>\n<meta property=\"article:publisher\" content=\"https:\/\/www.facebook.com\/profile.php?id=61581076165222\" \/>\n<meta property=\"article:modified_time\" content=\"2025-11-26T22:29:37+00:00\" \/>\n<meta property=\"og:image\" content=\"https:\/\/mascotaqriosa.com.mx\/wp-content\/uploads\/2025\/09\/Mascota-Qriosa-512-x-512-px-2.png\" \/>\n\t<meta property=\"og:image:width\" content=\"512\" \/>\n\t<meta property=\"og:image:height\" content=\"512\" \/>\n\t<meta property=\"og:image:type\" content=\"image\/png\" \/>\n<meta name=\"twitter:card\" content=\"summary_large_image\" \/>\n<meta name=\"twitter:label1\" content=\"Est. reading time\" \/>\n\t<meta name=\"twitter:data1\" content=\"1 minute\" \/>\n<script type=\"application\/ld+json\" class=\"yoast-schema-graph\">{\"@context\":\"https:\\\/\\\/schema.org\",\"@graph\":[{\"@type\":\"WebPage\",\"@id\":\"https:\\\/\\\/mascotaqriosa.com.mx\\\/product\\\/premios-de-pulmon-de-res\\\/\",\"url\":\"https:\\\/\\\/mascotaqriosa.com.mx\\\/product\\\/premios-de-pulmon-de-res\\\/\",\"name\":\"Premios de Pulm\u00f3n de Res | MascotaQRiosa\",\"isPartOf\":{\"@id\":\"https:\\\/\\\/mascotaqriosa.com.mx\\\/#website\"},\"primaryImageOfPage\":{\"@id\":\"https:\\\/\\\/mascotaqriosa.com.mx\\\/product\\\/premios-de-pulmon-de-res\\\/#primaryimage\"},\"image\":{\"@id\":\"https:\\\/\\\/mascotaqriosa.com.mx\\\/product\\\/premios-de-pulmon-de-res\\\/#primaryimage\"},\"thumbnailUrl\":\"https:\\\/\\\/mascotaqriosa.com.mx\\\/wp-content\\\/uploads\\\/2025\\\/09\\\/Mascota-Qriosa-512-x-512-px-2.png\",\"datePublished\":\"2025-09-15T21:01:17+00:00\",\"dateModified\":\"2025-11-26T22:29:37+00:00\",\"description\":\"Premie a su mejor amigo con nuestros snacks y premios para tu mascota de pulmon de res. \u00a1Sazone sus croquetas y haga felices a sus mascotas!\",\"breadcrumb\":{\"@id\":\"https:\\\/\\\/mascotaqriosa.com.mx\\\/product\\\/premios-de-pulmon-de-res\\\/#breadcrumb\"},\"inLanguage\":\"en-US\",\"potentialAction\":[{\"@type\":\"ReadAction\",\"target\":[\"https:\\\/\\\/mascotaqriosa.com.mx\\\/product\\\/premios-de-pulmon-de-res\\\/\"]}]},{\"@type\":\"ImageObject\",\"inLanguage\":\"en-US\",\"@id\":\"https:\\\/\\\/mascotaqriosa.com.mx\\\/product\\\/premios-de-pulmon-de-res\\\/#primaryimage\",\"url\":\"https:\\\/\\\/mascotaqriosa.com.mx\\\/wp-content\\\/uploads\\\/2025\\\/09\\\/Mascota-Qriosa-512-x-512-px-2.png\",\"contentUrl\":\"https:\\\/\\\/mascotaqriosa.com.mx\\\/wp-content\\\/uploads\\\/2025\\\/09\\\/Mascota-Qriosa-512-x-512-px-2.png\",\"width\":512,\"height\":512,\"caption\":\"snackPet de pulmon de res\"},{\"@type\":\"BreadcrumbList\",\"@id\":\"https:\\\/\\\/mascotaqriosa.com.mx\\\/product\\\/premios-de-pulmon-de-res\\\/#breadcrumb\",\"itemListElement\":[{\"@type\":\"ListItem\",\"position\":1,\"name\":\"Home\",\"item\":\"https:\\\/\\\/mascotaqriosa.com.mx\\\/\"},{\"@type\":\"ListItem\",\"position\":2,\"name\":\"Pet shop\",\"item\":\"https:\\\/\\\/mascotaqriosa.com.mx\\\/shop\\\/\"},{\"@type\":\"ListItem\",\"position\":3,\"name\":\"Premios de Pulm\u00f3n de Res\"}]},{\"@type\":\"WebSite\",\"@id\":\"https:\\\/\\\/mascotaqriosa.com.mx\\\/#website\",\"url\":\"https:\\\/\\\/mascotaqriosa.com.mx\\\/\",\"name\":\"MascotaQRiosa\",\"description\":\"La comunidad de mascotas #1 de M\u00e9xico\",\"publisher\":{\"@id\":\"https:\\\/\\\/mascotaqriosa.com.mx\\\/#organization\"},\"potentialAction\":[{\"@type\":\"SearchAction\",\"target\":{\"@type\":\"EntryPoint\",\"urlTemplate\":\"https:\\\/\\\/mascotaqriosa.com.mx\\\/?s={search_term_string}\"},\"query-input\":{\"@type\":\"PropertyValueSpecification\",\"valueRequired\":true,\"valueName\":\"search_term_string\"}}],\"inLanguage\":\"en-US\"},{\"@type\":\"Organization\",\"@id\":\"https:\\\/\\\/mascotaqriosa.com.mx\\\/#organization\",\"name\":\"MascotaQRiosa\",\"url\":\"https:\\\/\\\/mascotaqriosa.com.mx\\\/\",\"logo\":{\"@type\":\"ImageObject\",\"inLanguage\":\"en-US\",\"@id\":\"https:\\\/\\\/mascotaqriosa.com.mx\\\/#\\\/schema\\\/logo\\\/image\\\/\",\"url\":\"https:\\\/\\\/mascotaqriosa.com.mx\\\/wp-content\\\/uploads\\\/2025\\\/08\\\/logo_footer-2.png\",\"contentUrl\":\"https:\\\/\\\/mascotaqriosa.com.mx\\\/wp-content\\\/uploads\\\/2025\\\/08\\\/logo_footer-2.png\",\"width\":1080,\"height\":1080,\"caption\":\"MascotaQRiosa\"},\"image\":{\"@id\":\"https:\\\/\\\/mascotaqriosa.com.mx\\\/#\\\/schema\\\/logo\\\/image\\\/\"},\"sameAs\":[\"https:\\\/\\\/www.facebook.com\\\/profile.php?id=61581076165222\",\"https:\\\/\\\/www.tiktok.com\\\/@mascotaqriosa\",\"https:\\\/\\\/www.instagram.com\\\/mascotaqriosa\"]}]}<\/script>\n<!-- \/ Yoast SEO plugin. -->","yoast_head_json":{"title":"Premios de Pulm\u00f3n de Res | MascotaQRiosa","description":"Premie a su mejor amigo con nuestros snacks y premios para tu mascota de pulmon de res. \u00a1Sazone sus croquetas y haga felices a sus mascotas!","robots":{"index":"index","follow":"follow","max-snippet":"max-snippet:-1","max-image-preview":"max-image-preview:large","max-video-preview":"max-video-preview:-1"},"canonical":"https:\/\/mascotaqriosa.com.mx\/en\/product\/premios-de-pulmon-de-res\/","og_locale":"en_US","og_type":"article","og_title":"Premios de Pulm\u00f3n de Res | MascotaQRiosa","og_description":"Premie a su mejor amigo con nuestros snacks y premios para tu mascota de pulmon de res. \u00a1Sazone sus croquetas y haga felices a sus mascotas!","og_url":"https:\/\/mascotaqriosa.com.mx\/en\/product\/premios-de-pulmon-de-res\/","og_site_name":"MascotaQRiosa","article_publisher":"https:\/\/www.facebook.com\/profile.php?id=61581076165222","article_modified_time":"2025-11-26T22:29:37+00:00","og_image":[{"width":512,"height":512,"url":"https:\/\/mascotaqriosa.com.mx\/wp-content\/uploads\/2025\/09\/Mascota-Qriosa-512-x-512-px-2.png","type":"image\/png"}],"twitter_card":"summary_large_image","twitter_misc":{"Est. reading time":"1 minute"},"schema":{"@context":"https:\/\/schema.org","@graph":[{"@type":"WebPage","@id":"https:\/\/mascotaqriosa.com.mx\/product\/premios-de-pulmon-de-res\/","url":"https:\/\/mascotaqriosa.com.mx\/product\/premios-de-pulmon-de-res\/","name":"Premios de Pulm\u00f3n de Res | MascotaQRiosa","isPartOf":{"@id":"https:\/\/mascotaqriosa.com.mx\/#website"},"primaryImageOfPage":{"@id":"https:\/\/mascotaqriosa.com.mx\/product\/premios-de-pulmon-de-res\/#primaryimage"},"image":{"@id":"https:\/\/mascotaqriosa.com.mx\/product\/premios-de-pulmon-de-res\/#primaryimage"},"thumbnailUrl":"https:\/\/mascotaqriosa.com.mx\/wp-content\/uploads\/2025\/09\/Mascota-Qriosa-512-x-512-px-2.png","datePublished":"2025-09-15T21:01:17+00:00","dateModified":"2025-11-26T22:29:37+00:00","description":"Premie a su mejor amigo con nuestros snacks y premios para tu mascota de pulmon de res. \u00a1Sazone sus croquetas y haga felices a sus mascotas!","breadcrumb":{"@id":"https:\/\/mascotaqriosa.com.mx\/product\/premios-de-pulmon-de-res\/#breadcrumb"},"inLanguage":"en-US","potentialAction":[{"@type":"ReadAction","target":["https:\/\/mascotaqriosa.com.mx\/product\/premios-de-pulmon-de-res\/"]}]},{"@type":"ImageObject","inLanguage":"en-US","@id":"https:\/\/mascotaqriosa.com.mx\/product\/premios-de-pulmon-de-res\/#primaryimage","url":"https:\/\/mascotaqriosa.com.mx\/wp-content\/uploads\/2025\/09\/Mascota-Qriosa-512-x-512-px-2.png","contentUrl":"https:\/\/mascotaqriosa.com.mx\/wp-content\/uploads\/2025\/09\/Mascota-Qriosa-512-x-512-px-2.png","width":512,"height":512,"caption":"snackPet de pulmon de res"},{"@type":"BreadcrumbList","@id":"https:\/\/mascotaqriosa.com.mx\/product\/premios-de-pulmon-de-res\/#breadcrumb","itemListElement":[{"@type":"ListItem","position":1,"name":"Home","item":"https:\/\/mascotaqriosa.com.mx\/"},{"@type":"ListItem","position":2,"name":"Pet shop","item":"https:\/\/mascotaqriosa.com.mx\/shop\/"},{"@type":"ListItem","position":3,"name":"Premios de Pulm\u00f3n de Res"}]},{"@type":"WebSite","@id":"https:\/\/mascotaqriosa.com.mx\/#website","url":"https:\/\/mascotaqriosa.com.mx\/","name":"MascotaQRiosa","description":"La comunidad de mascotas #1 de M\u00e9xico","publisher":{"@id":"https:\/\/mascotaqriosa.com.mx\/#organization"},"potentialAction":[{"@type":"SearchAction","target":{"@type":"EntryPoint","urlTemplate":"https:\/\/mascotaqriosa.com.mx\/?s={search_term_string}"},"query-input":{"@type":"PropertyValueSpecification","valueRequired":true,"valueName":"search_term_string"}}],"inLanguage":"en-US"},{"@type":"Organization","@id":"https:\/\/mascotaqriosa.com.mx\/#organization","name":"MascotaQRiosa","url":"https:\/\/mascotaqriosa.com.mx\/","logo":{"@type":"ImageObject","inLanguage":"en-US","@id":"https:\/\/mascotaqriosa.com.mx\/#\/schema\/logo\/image\/","url":"https:\/\/mascotaqriosa.com.mx\/wp-content\/uploads\/2025\/08\/logo_footer-2.png","contentUrl":"https:\/\/mascotaqriosa.com.mx\/wp-content\/uploads\/2025\/08\/logo_footer-2.png","width":1080,"height":1080,"caption":"MascotaQRiosa"},"image":{"@id":"https:\/\/mascotaqriosa.com.mx\/#\/schema\/logo\/image\/"},"sameAs":["https:\/\/www.facebook.com\/profile.php?id=61581076165222","https:\/\/www.tiktok.com\/@mascotaqriosa","https:\/\/www.instagram.com\/mascotaqriosa"]}]}},"_links":{"self":[{"href":"https:\/\/mascotaqriosa.com.mx\/en\/wp-json\/wp\/v2\/product\/4235","targetHints":{"allow":["GET"]}}],"collection":[{"href":"https:\/\/mascotaqriosa.com.mx\/en\/wp-json\/wp\/v2\/product"}],"about":[{"href":"https:\/\/mascotaqriosa.com.mx\/en\/wp-json\/wp\/v2\/types\/product"}],"replies":[{"embeddable":true,"href":"https:\/\/mascotaqriosa.com.mx\/en\/wp-json\/wp\/v2\/comments?post=4235"}],"version-history":[{"count":1,"href":"https:\/\/mascotaqriosa.com.mx\/en\/wp-json\/wp\/v2\/product\/4235\/revisions"}],"predecessor-version":[{"id":5441,"href":"https:\/\/mascotaqriosa.com.mx\/en\/wp-json\/wp\/v2\/product\/4235\/revisions\/5441"}],"wp:featuredmedia":[{"embeddable":true,"href":"https:\/\/mascotaqriosa.com.mx\/en\/wp-json\/wp\/v2\/media\/4244"}],"wp:attachment":[{"href":"https:\/\/mascotaqriosa.com.mx\/en\/wp-json\/wp\/v2\/media?parent=4235"}],"wp:term":[{"taxonomy":"product_brand","embeddable":true,"href":"https:\/\/mascotaqriosa.com.mx\/en\/wp-json\/wp\/v2\/product_brand?post=4235"},{"taxonomy":"product_cat","embeddable":true,"href":"https:\/\/mascotaqriosa.com.mx\/en\/wp-json\/wp\/v2\/product_cat?post=4235"},{"taxonomy":"product_tag","embeddable":true,"href":"https:\/\/mascotaqriosa.com.mx\/en\/wp-json\/wp\/v2\/product_tag?post=4235"}],"curies":[{"name":"wp","href":"https:\/\/api.w.org\/{rel}","templated":true}]}}