{"id":4161,"date":"2025-09-09T15:55:52","date_gmt":"2025-09-09T21:55:52","guid":{"rendered":"https:\/\/mascotaqriosa.com.mx\/?post_type=product&#038;p=4161"},"modified":"2025-09-24T18:51:17","modified_gmt":"2025-09-25T00:51:17","slug":"cama-nido-ovalada","status":"publish","type":"product","link":"https:\/\/mascotaqriosa.com.mx\/en\/product\/cama-nido-ovalada\/","title":{"rendered":"Cama Nido Ovalada"},"content":{"rendered":"<p>CAMA OVALADA AZUL MARINO CHICA<\/p>\n<p>MEDIDAS 70 cm di\u00e1metro.<\/p>\n<p>&#8211; Tela de microtouch Lunics suave, transpirable y agradable para tu mascota.<\/p>\n<p>&#8211; Relleno de fibra siliconada de alta recuperaci\u00f3n, no pierde densidad ni se deforma.<\/p>\n<p>&#8211; Cierre con doble carrito de seguridad, evita que tu mascota saque el relleno y comience una fiesta cuando tuviste que salir.<\/p>\n<p>&#8211; Costura de alta calidad elaborada con hilo nylon de alta resistencia.<\/p>\n<p>Sus mascotas quedar\u00e1n completamente satisfechas por su camita ultra suave y c\u00f3moda, no se arrepentir\u00e1.<\/p>\n<p>Debido al empaquetado para env\u00edo, para que su cama regrese a su tama\u00f1o, solo tienen que manipular un poco la fibra y regresar\u00e1 a su tama\u00f1o pach\u00f3n.<\/p>\n<p>RECOMENDACI\u00d3N DE LAVADO<\/p>\n<p>&#8211; Retirar fibra de la funda de la cama, antes de meter a lavadora.<\/p>\n<p>&#8211; Poner la funda en la lavadora y a\u00f1adir jab\u00f3n l\u00edquido<\/p>\n<p>&#8211; Lavado en ciclo suave y agua fr\u00eda<\/p>\n<p>&#8211; El Centrifugado no debe exceder 400 rpm.<\/p>\n<p>&#8211; Secado en sombra.<\/p>\n<p>&#8211; SE RECOMIENDA NO MOJAR LA FIBRA YA QUE PUEDE PERDER DENSIDAD SU CAMA<\/p>\n<p>&nbsp;<\/p>","protected":false},"excerpt":{"rendered":"<p>CAMA OVALADA AZUL MARINO CHICA MEDIDAS 70 cm di\u00e1metro. &#8211; Tela de microtouch Lunics suave, transpirable y agradable para tu mascota. &#8211; Relleno de fibra siliconada de alta recuperaci\u00f3n, no pierde densidad ni se deforma. &#8211; Cierre con doble carrito de seguridad, evita que tu mascota saque el relleno y comience una fiesta cuando tuviste [&hellip;]<\/p>\n","protected":false},"featured_media":4165,"comment_status":"open","ping_status":"closed","template":"","meta":{"_acf_changed":false},"product_brand":[124,35],"product_cat":[122,97,98,96],"product_tag":[125,129,128,127],"class_list":{"0":"post-4161","1":"product","2":"type-product","3":"status-publish","4":"has-post-thumbnail","6":"product_brand-lunics","7":"product_brand-mascotaqriosa","8":"product_cat-camas","9":"product_cat-gato","10":"product_cat-mascotas","11":"product_cat-perro","12":"product_tag-cama","13":"product_tag-cama-chica-cama-mediana","14":"product_tag-cama-gato","15":"product_tag-cama-perro","17":"first","18":"instock","19":"shipping-taxable","20":"purchasable","21":"product-type-simple"},"acf":[],"yoast_head":"<!-- This site is optimized with the Yoast SEO plugin v27.3 - https:\/\/yoast.com\/product\/yoast-seo-wordpress\/ -->\n<title>Cama Nido Ovalada | MascotaQRiosa<\/title>\n<meta name=\"robots\" content=\"index, follow, max-snippet:-1, max-image-preview:large, max-video-preview:-1\" \/>\n<link rel=\"canonical\" href=\"https:\/\/mascotaqriosa.com.mx\/en\/product\/cama-nido-ovalada\/\" \/>\n<meta property=\"og:locale\" content=\"en_US\" \/>\n<meta property=\"og:type\" content=\"article\" \/>\n<meta property=\"og:title\" content=\"Cama Nido Ovalada | MascotaQRiosa\" \/>\n<meta property=\"og:description\" content=\"CAMA OVALADA AZUL MARINO CHICA MEDIDAS 70 cm di\u00e1metro. &#8211; Tela de microtouch Lunics suave, transpirable y agradable para tu mascota. &#8211; Relleno de fibra siliconada de alta recuperaci\u00f3n, no pierde densidad ni se deforma. &#8211; Cierre con doble carrito de seguridad, evita que tu mascota saque el relleno y comience una fiesta cuando tuviste [&hellip;]\" \/>\n<meta property=\"og:url\" content=\"https:\/\/mascotaqriosa.com.mx\/en\/product\/cama-nido-ovalada\/\" \/>\n<meta property=\"og:site_name\" content=\"MascotaQRiosa\" \/>\n<meta property=\"article:publisher\" content=\"https:\/\/www.facebook.com\/profile.php?id=61581076165222\" \/>\n<meta property=\"article:modified_time\" content=\"2025-09-25T00:51:17+00:00\" \/>\n<meta property=\"og:image\" content=\"https:\/\/mascotaqriosa.com.mx\/wp-content\/uploads\/2025\/09\/4-marino.jpg\" \/>\n\t<meta property=\"og:image:width\" content=\"571\" \/>\n\t<meta property=\"og:image:height\" content=\"537\" \/>\n\t<meta property=\"og:image:type\" content=\"image\/jpeg\" \/>\n<meta name=\"twitter:card\" content=\"summary_large_image\" \/>\n<meta name=\"twitter:label1\" content=\"Est. reading time\" \/>\n\t<meta name=\"twitter:data1\" content=\"1 minute\" \/>\n<script type=\"application\/ld+json\" class=\"yoast-schema-graph\">{\"@context\":\"https:\\\/\\\/schema.org\",\"@graph\":[{\"@type\":\"WebPage\",\"@id\":\"https:\\\/\\\/mascotaqriosa.com.mx\\\/product\\\/cama-nido-ovalada\\\/\",\"url\":\"https:\\\/\\\/mascotaqriosa.com.mx\\\/product\\\/cama-nido-ovalada\\\/\",\"name\":\"Cama Nido Ovalada | MascotaQRiosa\",\"isPartOf\":{\"@id\":\"https:\\\/\\\/mascotaqriosa.com.mx\\\/#website\"},\"primaryImageOfPage\":{\"@id\":\"https:\\\/\\\/mascotaqriosa.com.mx\\\/product\\\/cama-nido-ovalada\\\/#primaryimage\"},\"image\":{\"@id\":\"https:\\\/\\\/mascotaqriosa.com.mx\\\/product\\\/cama-nido-ovalada\\\/#primaryimage\"},\"thumbnailUrl\":\"https:\\\/\\\/mascotaqriosa.com.mx\\\/wp-content\\\/uploads\\\/2025\\\/09\\\/4-marino.jpg\",\"datePublished\":\"2025-09-09T21:55:52+00:00\",\"dateModified\":\"2025-09-25T00:51:17+00:00\",\"breadcrumb\":{\"@id\":\"https:\\\/\\\/mascotaqriosa.com.mx\\\/product\\\/cama-nido-ovalada\\\/#breadcrumb\"},\"inLanguage\":\"en-US\",\"potentialAction\":[{\"@type\":\"ReadAction\",\"target\":[\"https:\\\/\\\/mascotaqriosa.com.mx\\\/product\\\/cama-nido-ovalada\\\/\"]}]},{\"@type\":\"ImageObject\",\"inLanguage\":\"en-US\",\"@id\":\"https:\\\/\\\/mascotaqriosa.com.mx\\\/product\\\/cama-nido-ovalada\\\/#primaryimage\",\"url\":\"https:\\\/\\\/mascotaqriosa.com.mx\\\/wp-content\\\/uploads\\\/2025\\\/09\\\/4-marino.jpg\",\"contentUrl\":\"https:\\\/\\\/mascotaqriosa.com.mx\\\/wp-content\\\/uploads\\\/2025\\\/09\\\/4-marino.jpg\",\"width\":571,\"height\":537},{\"@type\":\"BreadcrumbList\",\"@id\":\"https:\\\/\\\/mascotaqriosa.com.mx\\\/product\\\/cama-nido-ovalada\\\/#breadcrumb\",\"itemListElement\":[{\"@type\":\"ListItem\",\"position\":1,\"name\":\"Home\",\"item\":\"https:\\\/\\\/mascotaqriosa.com.mx\\\/\"},{\"@type\":\"ListItem\",\"position\":2,\"name\":\"Pet shop\",\"item\":\"https:\\\/\\\/mascotaqriosa.com.mx\\\/shop\\\/\"},{\"@type\":\"ListItem\",\"position\":3,\"name\":\"Cama Nido Ovalada\"}]},{\"@type\":\"WebSite\",\"@id\":\"https:\\\/\\\/mascotaqriosa.com.mx\\\/#website\",\"url\":\"https:\\\/\\\/mascotaqriosa.com.mx\\\/\",\"name\":\"MascotaQRiosa\",\"description\":\"La comunidad de mascotas #1 de M\u00e9xico\",\"publisher\":{\"@id\":\"https:\\\/\\\/mascotaqriosa.com.mx\\\/#organization\"},\"potentialAction\":[{\"@type\":\"SearchAction\",\"target\":{\"@type\":\"EntryPoint\",\"urlTemplate\":\"https:\\\/\\\/mascotaqriosa.com.mx\\\/?s={search_term_string}\"},\"query-input\":{\"@type\":\"PropertyValueSpecification\",\"valueRequired\":true,\"valueName\":\"search_term_string\"}}],\"inLanguage\":\"en-US\"},{\"@type\":\"Organization\",\"@id\":\"https:\\\/\\\/mascotaqriosa.com.mx\\\/#organization\",\"name\":\"MascotaQRiosa\",\"url\":\"https:\\\/\\\/mascotaqriosa.com.mx\\\/\",\"logo\":{\"@type\":\"ImageObject\",\"inLanguage\":\"en-US\",\"@id\":\"https:\\\/\\\/mascotaqriosa.com.mx\\\/#\\\/schema\\\/logo\\\/image\\\/\",\"url\":\"https:\\\/\\\/mascotaqriosa.com.mx\\\/wp-content\\\/uploads\\\/2025\\\/08\\\/logo_footer-2.png\",\"contentUrl\":\"https:\\\/\\\/mascotaqriosa.com.mx\\\/wp-content\\\/uploads\\\/2025\\\/08\\\/logo_footer-2.png\",\"width\":1080,\"height\":1080,\"caption\":\"MascotaQRiosa\"},\"image\":{\"@id\":\"https:\\\/\\\/mascotaqriosa.com.mx\\\/#\\\/schema\\\/logo\\\/image\\\/\"},\"sameAs\":[\"https:\\\/\\\/www.facebook.com\\\/profile.php?id=61581076165222\",\"https:\\\/\\\/www.tiktok.com\\\/@mascotaqriosa\",\"https:\\\/\\\/www.instagram.com\\\/mascotaqriosa\"]}]}<\/script>\n<!-- \/ Yoast SEO plugin. -->","yoast_head_json":{"title":"Cama Nido Ovalada | MascotaQRiosa","robots":{"index":"index","follow":"follow","max-snippet":"max-snippet:-1","max-image-preview":"max-image-preview:large","max-video-preview":"max-video-preview:-1"},"canonical":"https:\/\/mascotaqriosa.com.mx\/en\/product\/cama-nido-ovalada\/","og_locale":"en_US","og_type":"article","og_title":"Cama Nido Ovalada | MascotaQRiosa","og_description":"CAMA OVALADA AZUL MARINO CHICA MEDIDAS 70 cm di\u00e1metro. &#8211; Tela de microtouch Lunics suave, transpirable y agradable para tu mascota. &#8211; Relleno de fibra siliconada de alta recuperaci\u00f3n, no pierde densidad ni se deforma. &#8211; Cierre con doble carrito de seguridad, evita que tu mascota saque el relleno y comience una fiesta cuando tuviste [&hellip;]","og_url":"https:\/\/mascotaqriosa.com.mx\/en\/product\/cama-nido-ovalada\/","og_site_name":"MascotaQRiosa","article_publisher":"https:\/\/www.facebook.com\/profile.php?id=61581076165222","article_modified_time":"2025-09-25T00:51:17+00:00","og_image":[{"width":571,"height":537,"url":"https:\/\/mascotaqriosa.com.mx\/wp-content\/uploads\/2025\/09\/4-marino.jpg","type":"image\/jpeg"}],"twitter_card":"summary_large_image","twitter_misc":{"Est. reading time":"1 minute"},"schema":{"@context":"https:\/\/schema.org","@graph":[{"@type":"WebPage","@id":"https:\/\/mascotaqriosa.com.mx\/product\/cama-nido-ovalada\/","url":"https:\/\/mascotaqriosa.com.mx\/product\/cama-nido-ovalada\/","name":"Cama Nido Ovalada | MascotaQRiosa","isPartOf":{"@id":"https:\/\/mascotaqriosa.com.mx\/#website"},"primaryImageOfPage":{"@id":"https:\/\/mascotaqriosa.com.mx\/product\/cama-nido-ovalada\/#primaryimage"},"image":{"@id":"https:\/\/mascotaqriosa.com.mx\/product\/cama-nido-ovalada\/#primaryimage"},"thumbnailUrl":"https:\/\/mascotaqriosa.com.mx\/wp-content\/uploads\/2025\/09\/4-marino.jpg","datePublished":"2025-09-09T21:55:52+00:00","dateModified":"2025-09-25T00:51:17+00:00","breadcrumb":{"@id":"https:\/\/mascotaqriosa.com.mx\/product\/cama-nido-ovalada\/#breadcrumb"},"inLanguage":"en-US","potentialAction":[{"@type":"ReadAction","target":["https:\/\/mascotaqriosa.com.mx\/product\/cama-nido-ovalada\/"]}]},{"@type":"ImageObject","inLanguage":"en-US","@id":"https:\/\/mascotaqriosa.com.mx\/product\/cama-nido-ovalada\/#primaryimage","url":"https:\/\/mascotaqriosa.com.mx\/wp-content\/uploads\/2025\/09\/4-marino.jpg","contentUrl":"https:\/\/mascotaqriosa.com.mx\/wp-content\/uploads\/2025\/09\/4-marino.jpg","width":571,"height":537},{"@type":"BreadcrumbList","@id":"https:\/\/mascotaqriosa.com.mx\/product\/cama-nido-ovalada\/#breadcrumb","itemListElement":[{"@type":"ListItem","position":1,"name":"Home","item":"https:\/\/mascotaqriosa.com.mx\/"},{"@type":"ListItem","position":2,"name":"Pet shop","item":"https:\/\/mascotaqriosa.com.mx\/shop\/"},{"@type":"ListItem","position":3,"name":"Cama Nido Ovalada"}]},{"@type":"WebSite","@id":"https:\/\/mascotaqriosa.com.mx\/#website","url":"https:\/\/mascotaqriosa.com.mx\/","name":"MascotaQRiosa","description":"La comunidad de mascotas #1 de M\u00e9xico","publisher":{"@id":"https:\/\/mascotaqriosa.com.mx\/#organization"},"potentialAction":[{"@type":"SearchAction","target":{"@type":"EntryPoint","urlTemplate":"https:\/\/mascotaqriosa.com.mx\/?s={search_term_string}"},"query-input":{"@type":"PropertyValueSpecification","valueRequired":true,"valueName":"search_term_string"}}],"inLanguage":"en-US"},{"@type":"Organization","@id":"https:\/\/mascotaqriosa.com.mx\/#organization","name":"MascotaQRiosa","url":"https:\/\/mascotaqriosa.com.mx\/","logo":{"@type":"ImageObject","inLanguage":"en-US","@id":"https:\/\/mascotaqriosa.com.mx\/#\/schema\/logo\/image\/","url":"https:\/\/mascotaqriosa.com.mx\/wp-content\/uploads\/2025\/08\/logo_footer-2.png","contentUrl":"https:\/\/mascotaqriosa.com.mx\/wp-content\/uploads\/2025\/08\/logo_footer-2.png","width":1080,"height":1080,"caption":"MascotaQRiosa"},"image":{"@id":"https:\/\/mascotaqriosa.com.mx\/#\/schema\/logo\/image\/"},"sameAs":["https:\/\/www.facebook.com\/profile.php?id=61581076165222","https:\/\/www.tiktok.com\/@mascotaqriosa","https:\/\/www.instagram.com\/mascotaqriosa"]}]}},"_links":{"self":[{"href":"https:\/\/mascotaqriosa.com.mx\/en\/wp-json\/wp\/v2\/product\/4161","targetHints":{"allow":["GET"]}}],"collection":[{"href":"https:\/\/mascotaqriosa.com.mx\/en\/wp-json\/wp\/v2\/product"}],"about":[{"href":"https:\/\/mascotaqriosa.com.mx\/en\/wp-json\/wp\/v2\/types\/product"}],"replies":[{"embeddable":true,"href":"https:\/\/mascotaqriosa.com.mx\/en\/wp-json\/wp\/v2\/comments?post=4161"}],"version-history":[{"count":0,"href":"https:\/\/mascotaqriosa.com.mx\/en\/wp-json\/wp\/v2\/product\/4161\/revisions"}],"wp:featuredmedia":[{"embeddable":true,"href":"https:\/\/mascotaqriosa.com.mx\/en\/wp-json\/wp\/v2\/media\/4165"}],"wp:attachment":[{"href":"https:\/\/mascotaqriosa.com.mx\/en\/wp-json\/wp\/v2\/media?parent=4161"}],"wp:term":[{"taxonomy":"product_brand","embeddable":true,"href":"https:\/\/mascotaqriosa.com.mx\/en\/wp-json\/wp\/v2\/product_brand?post=4161"},{"taxonomy":"product_cat","embeddable":true,"href":"https:\/\/mascotaqriosa.com.mx\/en\/wp-json\/wp\/v2\/product_cat?post=4161"},{"taxonomy":"product_tag","embeddable":true,"href":"https:\/\/mascotaqriosa.com.mx\/en\/wp-json\/wp\/v2\/product_tag?post=4161"}],"curies":[{"name":"wp","href":"https:\/\/api.w.org\/{rel}","templated":true}]}}