{"id":4152,"date":"2025-09-08T16:23:10","date_gmt":"2025-09-08T22:23:10","guid":{"rendered":"https:\/\/mascotaqriosa.com.mx\/?post_type=product&#038;p=4152"},"modified":"2025-09-24T19:13:30","modified_gmt":"2025-09-25T01:13:30","slug":"cama-economica","status":"publish","type":"product","link":"https:\/\/mascotaqriosa.com.mx\/en\/product\/cama-economica\/","title":{"rendered":"Cama Econ\u00f3mica"},"content":{"rendered":"<p>Medidas de nuestras camas comfortables:<\/p>\n<p><strong>Chica 47 x 55 cms<\/strong><\/p>\n<p><strong>Mediana 61 x 74 cms<\/strong><\/p>\n<p><strong>Grande 71 x 85 cms<\/strong><\/p>\n<p><strong>Jumbo 84 x 100 cms<\/strong><\/p>\n<p>&#8211; Tela de microtouch Lunics suave, transpirable y agradable para tu mascota.<\/p>\n<p>&#8211; Relleno de fibra siliconada de alta recuperaci\u00f3n, no pierde densidad ni se deforma.<\/p>\n<p>&#8211; Cierre con doble carrito de seguridad.<\/p>\n<p>&#8211; Costura de alta calidad elaborada con hilo nylon de alta resistencia.<\/p>\n<p>Debido al empaquetado para env\u00edo, para que su cama regrese a su tama\u00f1o, solo tienen que manipular un poco la fibra y regresar\u00e1 a su tama\u00f1o pach\u00f3n.<\/p>\n<p>RECOMENDACI\u00d3N DE LAVADO<\/p>\n<p>&#8211; Retirar fibra de la funda de la cama, antes de meter a lavadora.<\/p>\n<p>&#8211; Poner la funda en la lavadora y a\u00f1adir jab\u00f3n l\u00edquido<\/p>\n<p>&#8211; Lavado en ciclo suave y agua fr\u00eda<\/p>\n<p>&#8211; El Centrifugado no debe exceder 400 rpm.<\/p>\n<p>&#8211; Secado en sombra.<\/p>\n<p>&#8211; SE RECOMIENDA NO MOJAR FIBRA YA QUE PUEDE PERDER DENSIDAD SU CAMA<\/p>\n<p>&nbsp;<\/p>","protected":false},"excerpt":{"rendered":"<p>Dale a tu mejor amigo peludo el descanso que se merece con nuestra cama de lujo para perro!<\/p>\n<p>Esta cama es ideal para perros peque\u00f1os y gatos. Est\u00e1 fabricada con material suede, en elegantes colores gris con negro, que se adaptar\u00e1n perfectamente a la decoraci\u00f3n de tu hogar.<\/p>\n<p>Nuestra cama es f\u00e1cil de limpiar gracias a su funda lavable, lo que garantiza una higiene impecable para tu mascota. Adem\u00e1s, el relleno calibrado proporciona un confort excepcional para que tu peludo amigo se sienta como en las nubes.<\/p>\n<p>Esta cama es resistente y duradera, respaldada por nuestra garant\u00eda de fabricaci\u00f3n. Adem\u00e1s, la tela transpirable brinda frescura, asegurando que tu mascota se sienta c\u00f3moda en todo momento.<\/p>\n<p>No comprometas el descanso de tu fiel compa\u00f1ero. \u00a1Hazte ya con nuestra cama de lujo para perro y br\u00edndale el mejor lugar para relajarse y recargar energ\u00edas!<\/p>","protected":false},"featured_media":4187,"comment_status":"open","ping_status":"closed","template":"","meta":{"_acf_changed":false},"product_brand":[124,35],"product_cat":[122,16,96],"product_tag":[125,129,128,127],"class_list":{"0":"post-4152","1":"product","2":"type-product","3":"status-publish","4":"has-post-thumbnail","6":"product_brand-lunics","7":"product_brand-mascotaqriosa","8":"product_cat-camas","9":"product_cat-other","10":"product_cat-perro","11":"product_tag-cama","12":"product_tag-cama-chica-cama-mediana","13":"product_tag-cama-gato","14":"product_tag-cama-perro","16":"first","17":"instock","18":"shipping-taxable","19":"purchasable","20":"product-type-variable"},"acf":[],"yoast_head":"<!-- This site is optimized with the Yoast SEO plugin v27.3 - https:\/\/yoast.com\/product\/yoast-seo-wordpress\/ -->\n<title>Cama Econ\u00f3mica | MascotaQRiosa<\/title>\n<meta name=\"robots\" content=\"index, follow, max-snippet:-1, max-image-preview:large, max-video-preview:-1\" \/>\n<link rel=\"canonical\" href=\"https:\/\/mascotaqriosa.com.mx\/en\/product\/cama-economica\/\" \/>\n<meta property=\"og:locale\" content=\"en_US\" \/>\n<meta property=\"og:type\" content=\"article\" \/>\n<meta property=\"og:title\" content=\"Cama Econ\u00f3mica | MascotaQRiosa\" \/>\n<meta property=\"og:description\" content=\"Dale a tu mejor amigo peludo el descanso que se merece con nuestra cama de lujo para perro!  Esta cama es ideal para perros peque\u00f1os y gatos. Est\u00e1 fabricada con material suede, en elegantes colores gris con negro, que se adaptar\u00e1n perfectamente a la decoraci\u00f3n de tu hogar.  Nuestra cama es f\u00e1cil de limpiar gracias a su funda lavable, lo que garantiza una higiene impecable para tu mascota. Adem\u00e1s, el relleno calibrado proporciona un confort excepcional para que tu peludo amigo se sienta como en las nubes.  Esta cama es resistente y duradera, respaldada por nuestra garant\u00eda de fabricaci\u00f3n. Adem\u00e1s, la tela transpirable brinda frescura, asegurando que tu mascota se sienta c\u00f3moda en todo momento.  No comprometas el descanso de tu fiel compa\u00f1ero. \u00a1Hazte ya con nuestra cama de lujo para perro y br\u00edndale el mejor lugar para relajarse y recargar energ\u00edas!\" \/>\n<meta property=\"og:url\" content=\"https:\/\/mascotaqriosa.com.mx\/en\/product\/cama-economica\/\" \/>\n<meta property=\"og:site_name\" content=\"MascotaQRiosa\" \/>\n<meta property=\"article:publisher\" content=\"https:\/\/www.facebook.com\/profile.php?id=61581076165222\" \/>\n<meta property=\"article:modified_time\" content=\"2025-09-25T01:13:30+00:00\" \/>\n<meta property=\"og:image\" content=\"https:\/\/mascotaqriosa.com.mx\/wp-content\/uploads\/2025\/09\/3-gris-oxford.jpg\" \/>\n\t<meta property=\"og:image:width\" content=\"478\" \/>\n\t<meta property=\"og:image:height\" content=\"500\" \/>\n\t<meta property=\"og:image:type\" content=\"image\/jpeg\" \/>\n<meta name=\"twitter:card\" content=\"summary_large_image\" \/>\n<meta name=\"twitter:label1\" content=\"Est. reading time\" \/>\n\t<meta name=\"twitter:data1\" content=\"1 minute\" \/>\n<script type=\"application\/ld+json\" class=\"yoast-schema-graph\">{\"@context\":\"https:\\\/\\\/schema.org\",\"@graph\":[{\"@type\":\"WebPage\",\"@id\":\"https:\\\/\\\/mascotaqriosa.com.mx\\\/product\\\/cama-economica\\\/\",\"url\":\"https:\\\/\\\/mascotaqriosa.com.mx\\\/product\\\/cama-economica\\\/\",\"name\":\"Cama Econ\u00f3mica | MascotaQRiosa\",\"isPartOf\":{\"@id\":\"https:\\\/\\\/mascotaqriosa.com.mx\\\/#website\"},\"primaryImageOfPage\":{\"@id\":\"https:\\\/\\\/mascotaqriosa.com.mx\\\/product\\\/cama-economica\\\/#primaryimage\"},\"image\":{\"@id\":\"https:\\\/\\\/mascotaqriosa.com.mx\\\/product\\\/cama-economica\\\/#primaryimage\"},\"thumbnailUrl\":\"https:\\\/\\\/mascotaqriosa.com.mx\\\/wp-content\\\/uploads\\\/2025\\\/09\\\/3-gris-oxford.jpg\",\"datePublished\":\"2025-09-08T22:23:10+00:00\",\"dateModified\":\"2025-09-25T01:13:30+00:00\",\"breadcrumb\":{\"@id\":\"https:\\\/\\\/mascotaqriosa.com.mx\\\/product\\\/cama-economica\\\/#breadcrumb\"},\"inLanguage\":\"en-US\",\"potentialAction\":[{\"@type\":\"ReadAction\",\"target\":[\"https:\\\/\\\/mascotaqriosa.com.mx\\\/product\\\/cama-economica\\\/\"]}]},{\"@type\":\"ImageObject\",\"inLanguage\":\"en-US\",\"@id\":\"https:\\\/\\\/mascotaqriosa.com.mx\\\/product\\\/cama-economica\\\/#primaryimage\",\"url\":\"https:\\\/\\\/mascotaqriosa.com.mx\\\/wp-content\\\/uploads\\\/2025\\\/09\\\/3-gris-oxford.jpg\",\"contentUrl\":\"https:\\\/\\\/mascotaqriosa.com.mx\\\/wp-content\\\/uploads\\\/2025\\\/09\\\/3-gris-oxford.jpg\",\"width\":478,\"height\":500},{\"@type\":\"BreadcrumbList\",\"@id\":\"https:\\\/\\\/mascotaqriosa.com.mx\\\/product\\\/cama-economica\\\/#breadcrumb\",\"itemListElement\":[{\"@type\":\"ListItem\",\"position\":1,\"name\":\"Home\",\"item\":\"https:\\\/\\\/mascotaqriosa.com.mx\\\/\"},{\"@type\":\"ListItem\",\"position\":2,\"name\":\"Pet shop\",\"item\":\"https:\\\/\\\/mascotaqriosa.com.mx\\\/shop\\\/\"},{\"@type\":\"ListItem\",\"position\":3,\"name\":\"Cama Econ\u00f3mica\"}]},{\"@type\":\"WebSite\",\"@id\":\"https:\\\/\\\/mascotaqriosa.com.mx\\\/#website\",\"url\":\"https:\\\/\\\/mascotaqriosa.com.mx\\\/\",\"name\":\"MascotaQRiosa\",\"description\":\"La comunidad de mascotas #1 de M\u00e9xico\",\"publisher\":{\"@id\":\"https:\\\/\\\/mascotaqriosa.com.mx\\\/#organization\"},\"potentialAction\":[{\"@type\":\"SearchAction\",\"target\":{\"@type\":\"EntryPoint\",\"urlTemplate\":\"https:\\\/\\\/mascotaqriosa.com.mx\\\/?s={search_term_string}\"},\"query-input\":{\"@type\":\"PropertyValueSpecification\",\"valueRequired\":true,\"valueName\":\"search_term_string\"}}],\"inLanguage\":\"en-US\"},{\"@type\":\"Organization\",\"@id\":\"https:\\\/\\\/mascotaqriosa.com.mx\\\/#organization\",\"name\":\"MascotaQRiosa\",\"url\":\"https:\\\/\\\/mascotaqriosa.com.mx\\\/\",\"logo\":{\"@type\":\"ImageObject\",\"inLanguage\":\"en-US\",\"@id\":\"https:\\\/\\\/mascotaqriosa.com.mx\\\/#\\\/schema\\\/logo\\\/image\\\/\",\"url\":\"https:\\\/\\\/mascotaqriosa.com.mx\\\/wp-content\\\/uploads\\\/2025\\\/08\\\/logo_footer-2.png\",\"contentUrl\":\"https:\\\/\\\/mascotaqriosa.com.mx\\\/wp-content\\\/uploads\\\/2025\\\/08\\\/logo_footer-2.png\",\"width\":1080,\"height\":1080,\"caption\":\"MascotaQRiosa\"},\"image\":{\"@id\":\"https:\\\/\\\/mascotaqriosa.com.mx\\\/#\\\/schema\\\/logo\\\/image\\\/\"},\"sameAs\":[\"https:\\\/\\\/www.facebook.com\\\/profile.php?id=61581076165222\",\"https:\\\/\\\/www.tiktok.com\\\/@mascotaqriosa\",\"https:\\\/\\\/www.instagram.com\\\/mascotaqriosa\"]}]}<\/script>\n<!-- \/ Yoast SEO plugin. -->","yoast_head_json":{"title":"Cama Econ\u00f3mica | MascotaQRiosa","robots":{"index":"index","follow":"follow","max-snippet":"max-snippet:-1","max-image-preview":"max-image-preview:large","max-video-preview":"max-video-preview:-1"},"canonical":"https:\/\/mascotaqriosa.com.mx\/en\/product\/cama-economica\/","og_locale":"en_US","og_type":"article","og_title":"Cama Econ\u00f3mica | MascotaQRiosa","og_description":"Dale a tu mejor amigo peludo el descanso que se merece con nuestra cama de lujo para perro!  Esta cama es ideal para perros peque\u00f1os y gatos. Est\u00e1 fabricada con material suede, en elegantes colores gris con negro, que se adaptar\u00e1n perfectamente a la decoraci\u00f3n de tu hogar.  Nuestra cama es f\u00e1cil de limpiar gracias a su funda lavable, lo que garantiza una higiene impecable para tu mascota. Adem\u00e1s, el relleno calibrado proporciona un confort excepcional para que tu peludo amigo se sienta como en las nubes.  Esta cama es resistente y duradera, respaldada por nuestra garant\u00eda de fabricaci\u00f3n. Adem\u00e1s, la tela transpirable brinda frescura, asegurando que tu mascota se sienta c\u00f3moda en todo momento.  No comprometas el descanso de tu fiel compa\u00f1ero. \u00a1Hazte ya con nuestra cama de lujo para perro y br\u00edndale el mejor lugar para relajarse y recargar energ\u00edas!","og_url":"https:\/\/mascotaqriosa.com.mx\/en\/product\/cama-economica\/","og_site_name":"MascotaQRiosa","article_publisher":"https:\/\/www.facebook.com\/profile.php?id=61581076165222","article_modified_time":"2025-09-25T01:13:30+00:00","og_image":[{"width":478,"height":500,"url":"https:\/\/mascotaqriosa.com.mx\/wp-content\/uploads\/2025\/09\/3-gris-oxford.jpg","type":"image\/jpeg"}],"twitter_card":"summary_large_image","twitter_misc":{"Est. reading time":"1 minute"},"schema":{"@context":"https:\/\/schema.org","@graph":[{"@type":"WebPage","@id":"https:\/\/mascotaqriosa.com.mx\/product\/cama-economica\/","url":"https:\/\/mascotaqriosa.com.mx\/product\/cama-economica\/","name":"Cama Econ\u00f3mica | MascotaQRiosa","isPartOf":{"@id":"https:\/\/mascotaqriosa.com.mx\/#website"},"primaryImageOfPage":{"@id":"https:\/\/mascotaqriosa.com.mx\/product\/cama-economica\/#primaryimage"},"image":{"@id":"https:\/\/mascotaqriosa.com.mx\/product\/cama-economica\/#primaryimage"},"thumbnailUrl":"https:\/\/mascotaqriosa.com.mx\/wp-content\/uploads\/2025\/09\/3-gris-oxford.jpg","datePublished":"2025-09-08T22:23:10+00:00","dateModified":"2025-09-25T01:13:30+00:00","breadcrumb":{"@id":"https:\/\/mascotaqriosa.com.mx\/product\/cama-economica\/#breadcrumb"},"inLanguage":"en-US","potentialAction":[{"@type":"ReadAction","target":["https:\/\/mascotaqriosa.com.mx\/product\/cama-economica\/"]}]},{"@type":"ImageObject","inLanguage":"en-US","@id":"https:\/\/mascotaqriosa.com.mx\/product\/cama-economica\/#primaryimage","url":"https:\/\/mascotaqriosa.com.mx\/wp-content\/uploads\/2025\/09\/3-gris-oxford.jpg","contentUrl":"https:\/\/mascotaqriosa.com.mx\/wp-content\/uploads\/2025\/09\/3-gris-oxford.jpg","width":478,"height":500},{"@type":"BreadcrumbList","@id":"https:\/\/mascotaqriosa.com.mx\/product\/cama-economica\/#breadcrumb","itemListElement":[{"@type":"ListItem","position":1,"name":"Home","item":"https:\/\/mascotaqriosa.com.mx\/"},{"@type":"ListItem","position":2,"name":"Pet shop","item":"https:\/\/mascotaqriosa.com.mx\/shop\/"},{"@type":"ListItem","position":3,"name":"Cama Econ\u00f3mica"}]},{"@type":"WebSite","@id":"https:\/\/mascotaqriosa.com.mx\/#website","url":"https:\/\/mascotaqriosa.com.mx\/","name":"MascotaQRiosa","description":"La comunidad de mascotas #1 de M\u00e9xico","publisher":{"@id":"https:\/\/mascotaqriosa.com.mx\/#organization"},"potentialAction":[{"@type":"SearchAction","target":{"@type":"EntryPoint","urlTemplate":"https:\/\/mascotaqriosa.com.mx\/?s={search_term_string}"},"query-input":{"@type":"PropertyValueSpecification","valueRequired":true,"valueName":"search_term_string"}}],"inLanguage":"en-US"},{"@type":"Organization","@id":"https:\/\/mascotaqriosa.com.mx\/#organization","name":"MascotaQRiosa","url":"https:\/\/mascotaqriosa.com.mx\/","logo":{"@type":"ImageObject","inLanguage":"en-US","@id":"https:\/\/mascotaqriosa.com.mx\/#\/schema\/logo\/image\/","url":"https:\/\/mascotaqriosa.com.mx\/wp-content\/uploads\/2025\/08\/logo_footer-2.png","contentUrl":"https:\/\/mascotaqriosa.com.mx\/wp-content\/uploads\/2025\/08\/logo_footer-2.png","width":1080,"height":1080,"caption":"MascotaQRiosa"},"image":{"@id":"https:\/\/mascotaqriosa.com.mx\/#\/schema\/logo\/image\/"},"sameAs":["https:\/\/www.facebook.com\/profile.php?id=61581076165222","https:\/\/www.tiktok.com\/@mascotaqriosa","https:\/\/www.instagram.com\/mascotaqriosa"]}]}},"_links":{"self":[{"href":"https:\/\/mascotaqriosa.com.mx\/en\/wp-json\/wp\/v2\/product\/4152","targetHints":{"allow":["GET"]}}],"collection":[{"href":"https:\/\/mascotaqriosa.com.mx\/en\/wp-json\/wp\/v2\/product"}],"about":[{"href":"https:\/\/mascotaqriosa.com.mx\/en\/wp-json\/wp\/v2\/types\/product"}],"replies":[{"embeddable":true,"href":"https:\/\/mascotaqriosa.com.mx\/en\/wp-json\/wp\/v2\/comments?post=4152"}],"version-history":[{"count":0,"href":"https:\/\/mascotaqriosa.com.mx\/en\/wp-json\/wp\/v2\/product\/4152\/revisions"}],"wp:featuredmedia":[{"embeddable":true,"href":"https:\/\/mascotaqriosa.com.mx\/en\/wp-json\/wp\/v2\/media\/4187"}],"wp:attachment":[{"href":"https:\/\/mascotaqriosa.com.mx\/en\/wp-json\/wp\/v2\/media?parent=4152"}],"wp:term":[{"taxonomy":"product_brand","embeddable":true,"href":"https:\/\/mascotaqriosa.com.mx\/en\/wp-json\/wp\/v2\/product_brand?post=4152"},{"taxonomy":"product_cat","embeddable":true,"href":"https:\/\/mascotaqriosa.com.mx\/en\/wp-json\/wp\/v2\/product_cat?post=4152"},{"taxonomy":"product_tag","embeddable":true,"href":"https:\/\/mascotaqriosa.com.mx\/en\/wp-json\/wp\/v2\/product_tag?post=4152"}],"curies":[{"name":"wp","href":"https:\/\/api.w.org\/{rel}","templated":true}]}}