{"id":4136,"date":"2025-09-09T14:16:54","date_gmt":"2025-09-09T20:16:54","guid":{"rendered":"https:\/\/mascotaqriosa.com.mx\/?post_type=product&#038;p=4136"},"modified":"2025-09-24T18:52:04","modified_gmt":"2025-09-25T00:52:04","slug":"cama-antiestres-con-funda","status":"publish","type":"product","link":"https:\/\/mascotaqriosa.com.mx\/en\/product\/cama-antiestres-con-funda\/","title":{"rendered":"Cama Antiestres (con funda)"},"content":{"rendered":"<p>Nuestra cama antiestres con funda, ademas de relajar a tu mascota la protege del aire y el frio<\/p>\n<p><strong>Chica 60 cm de di\u00e1metro<\/strong><\/p>\n<p>Debido al empaquetado para env\u00edo, para que su cama regrese a su tama\u00f1o, solo tienen que manipular un poco la fibra y regresar\u00e1 a su tama\u00f1o pach\u00f3n.<\/p>\n<p>&nbsp;<\/p>\n<p>RECOMENDACI\u00d3N DE LAVADO<\/p>\n<p>&#8211; Retirar fibra de la funda de la cama, antes de meter a lavadora.<\/p>\n<p>&#8211; Poner la funda en la lavadora y a\u00f1adir jab\u00f3n l\u00edquido<\/p>\n<p>&#8211; Lavado en ciclo suave y agua fr\u00eda<\/p>\n<p>&#8211; El Centrifugado no debe exceder 400 rpm.<\/p>\n<p>&#8211; Secado en sombra.<\/p>\n<p>&#8211; SE RECOMIENDA NO MOJAR FIBRA YA QUE PUEDE PERDER DENSIDAD SU CAMA<\/p>","protected":false},"excerpt":{"rendered":"<p>Nuestra cama antiestres con funda, ademas de relajar a tu mascota la protege del aire y el frio Chica 60 cm de di\u00e1metro Debido al empaquetado para env\u00edo, para que su cama regrese a su tama\u00f1o, solo tienen que manipular un poco la fibra y regresar\u00e1 a su tama\u00f1o pach\u00f3n. &nbsp; RECOMENDACI\u00d3N DE LAVADO &#8211; [&hellip;]<\/p>\n","protected":false},"featured_media":4143,"comment_status":"open","ping_status":"closed","template":"","meta":{"_acf_changed":false},"product_brand":[124,35],"product_cat":[122,97,98,96],"product_tag":[],"class_list":{"0":"post-4136","1":"product","2":"type-product","3":"status-publish","4":"has-post-thumbnail","6":"product_brand-lunics","7":"product_brand-mascotaqriosa","8":"product_cat-camas","9":"product_cat-gato","10":"product_cat-mascotas","11":"product_cat-perro","13":"first","14":"instock","15":"shipping-taxable","16":"purchasable","17":"product-type-variable","18":"has-default-attributes"},"acf":[],"yoast_head":"<!-- This site is optimized with the Yoast SEO plugin v27.3 - https:\/\/yoast.com\/product\/yoast-seo-wordpress\/ -->\n<title>Cama Antiestres (con funda) | MascotaQRiosa<\/title>\n<meta name=\"robots\" content=\"index, follow, max-snippet:-1, max-image-preview:large, max-video-preview:-1\" \/>\n<link rel=\"canonical\" href=\"https:\/\/mascotaqriosa.com.mx\/en\/product\/cama-antiestres-con-funda\/\" \/>\n<meta property=\"og:locale\" content=\"en_US\" \/>\n<meta property=\"og:type\" content=\"article\" \/>\n<meta property=\"og:title\" content=\"Cama Antiestres (con funda) | MascotaQRiosa\" \/>\n<meta property=\"og:description\" content=\"Nuestra cama antiestres con funda, ademas de relajar a tu mascota la protege del aire y el frio Chica 60 cm de di\u00e1metro Debido al empaquetado para env\u00edo, para que su cama regrese a su tama\u00f1o, solo tienen que manipular un poco la fibra y regresar\u00e1 a su tama\u00f1o pach\u00f3n. &nbsp; RECOMENDACI\u00d3N DE LAVADO &#8211; [&hellip;]\" \/>\n<meta property=\"og:url\" content=\"https:\/\/mascotaqriosa.com.mx\/en\/product\/cama-antiestres-con-funda\/\" \/>\n<meta property=\"og:site_name\" content=\"MascotaQRiosa\" \/>\n<meta property=\"article:publisher\" content=\"https:\/\/www.facebook.com\/profile.php?id=61581076165222\" \/>\n<meta property=\"article:modified_time\" content=\"2025-09-25T00:52:04+00:00\" \/>\n<meta property=\"og:image\" content=\"https:\/\/mascotaqriosa.com.mx\/wp-content\/uploads\/2025\/09\/2-general-a.jpg\" \/>\n\t<meta property=\"og:image:width\" content=\"465\" \/>\n\t<meta property=\"og:image:height\" content=\"567\" \/>\n\t<meta property=\"og:image:type\" content=\"image\/jpeg\" \/>\n<meta name=\"twitter:card\" content=\"summary_large_image\" \/>\n<meta name=\"twitter:label1\" content=\"Est. reading time\" \/>\n\t<meta name=\"twitter:data1\" content=\"1 minute\" \/>\n<script type=\"application\/ld+json\" class=\"yoast-schema-graph\">{\"@context\":\"https:\\\/\\\/schema.org\",\"@graph\":[{\"@type\":\"WebPage\",\"@id\":\"https:\\\/\\\/mascotaqriosa.com.mx\\\/product\\\/cama-antiestres-con-funda\\\/\",\"url\":\"https:\\\/\\\/mascotaqriosa.com.mx\\\/product\\\/cama-antiestres-con-funda\\\/\",\"name\":\"Cama Antiestres (con funda) | MascotaQRiosa\",\"isPartOf\":{\"@id\":\"https:\\\/\\\/mascotaqriosa.com.mx\\\/#website\"},\"primaryImageOfPage\":{\"@id\":\"https:\\\/\\\/mascotaqriosa.com.mx\\\/product\\\/cama-antiestres-con-funda\\\/#primaryimage\"},\"image\":{\"@id\":\"https:\\\/\\\/mascotaqriosa.com.mx\\\/product\\\/cama-antiestres-con-funda\\\/#primaryimage\"},\"thumbnailUrl\":\"https:\\\/\\\/mascotaqriosa.com.mx\\\/wp-content\\\/uploads\\\/2025\\\/09\\\/2-general-a.jpg\",\"datePublished\":\"2025-09-09T20:16:54+00:00\",\"dateModified\":\"2025-09-25T00:52:04+00:00\",\"breadcrumb\":{\"@id\":\"https:\\\/\\\/mascotaqriosa.com.mx\\\/product\\\/cama-antiestres-con-funda\\\/#breadcrumb\"},\"inLanguage\":\"en-US\",\"potentialAction\":[{\"@type\":\"ReadAction\",\"target\":[\"https:\\\/\\\/mascotaqriosa.com.mx\\\/product\\\/cama-antiestres-con-funda\\\/\"]}]},{\"@type\":\"ImageObject\",\"inLanguage\":\"en-US\",\"@id\":\"https:\\\/\\\/mascotaqriosa.com.mx\\\/product\\\/cama-antiestres-con-funda\\\/#primaryimage\",\"url\":\"https:\\\/\\\/mascotaqriosa.com.mx\\\/wp-content\\\/uploads\\\/2025\\\/09\\\/2-general-a.jpg\",\"contentUrl\":\"https:\\\/\\\/mascotaqriosa.com.mx\\\/wp-content\\\/uploads\\\/2025\\\/09\\\/2-general-a.jpg\",\"width\":465,\"height\":567},{\"@type\":\"BreadcrumbList\",\"@id\":\"https:\\\/\\\/mascotaqriosa.com.mx\\\/product\\\/cama-antiestres-con-funda\\\/#breadcrumb\",\"itemListElement\":[{\"@type\":\"ListItem\",\"position\":1,\"name\":\"Home\",\"item\":\"https:\\\/\\\/mascotaqriosa.com.mx\\\/\"},{\"@type\":\"ListItem\",\"position\":2,\"name\":\"Pet shop\",\"item\":\"https:\\\/\\\/mascotaqriosa.com.mx\\\/shop\\\/\"},{\"@type\":\"ListItem\",\"position\":3,\"name\":\"Cama Antiestres (con funda)\"}]},{\"@type\":\"WebSite\",\"@id\":\"https:\\\/\\\/mascotaqriosa.com.mx\\\/#website\",\"url\":\"https:\\\/\\\/mascotaqriosa.com.mx\\\/\",\"name\":\"MascotaQRiosa\",\"description\":\"La comunidad de mascotas #1 de M\u00e9xico\",\"publisher\":{\"@id\":\"https:\\\/\\\/mascotaqriosa.com.mx\\\/#organization\"},\"potentialAction\":[{\"@type\":\"SearchAction\",\"target\":{\"@type\":\"EntryPoint\",\"urlTemplate\":\"https:\\\/\\\/mascotaqriosa.com.mx\\\/?s={search_term_string}\"},\"query-input\":{\"@type\":\"PropertyValueSpecification\",\"valueRequired\":true,\"valueName\":\"search_term_string\"}}],\"inLanguage\":\"en-US\"},{\"@type\":\"Organization\",\"@id\":\"https:\\\/\\\/mascotaqriosa.com.mx\\\/#organization\",\"name\":\"MascotaQRiosa\",\"url\":\"https:\\\/\\\/mascotaqriosa.com.mx\\\/\",\"logo\":{\"@type\":\"ImageObject\",\"inLanguage\":\"en-US\",\"@id\":\"https:\\\/\\\/mascotaqriosa.com.mx\\\/#\\\/schema\\\/logo\\\/image\\\/\",\"url\":\"https:\\\/\\\/mascotaqriosa.com.mx\\\/wp-content\\\/uploads\\\/2025\\\/08\\\/logo_footer-2.png\",\"contentUrl\":\"https:\\\/\\\/mascotaqriosa.com.mx\\\/wp-content\\\/uploads\\\/2025\\\/08\\\/logo_footer-2.png\",\"width\":1080,\"height\":1080,\"caption\":\"MascotaQRiosa\"},\"image\":{\"@id\":\"https:\\\/\\\/mascotaqriosa.com.mx\\\/#\\\/schema\\\/logo\\\/image\\\/\"},\"sameAs\":[\"https:\\\/\\\/www.facebook.com\\\/profile.php?id=61581076165222\",\"https:\\\/\\\/www.tiktok.com\\\/@mascotaqriosa\",\"https:\\\/\\\/www.instagram.com\\\/mascotaqriosa\"]}]}<\/script>\n<!-- \/ Yoast SEO plugin. -->","yoast_head_json":{"title":"Cama Antiestres (con funda) | MascotaQRiosa","robots":{"index":"index","follow":"follow","max-snippet":"max-snippet:-1","max-image-preview":"max-image-preview:large","max-video-preview":"max-video-preview:-1"},"canonical":"https:\/\/mascotaqriosa.com.mx\/en\/product\/cama-antiestres-con-funda\/","og_locale":"en_US","og_type":"article","og_title":"Cama Antiestres (con funda) | MascotaQRiosa","og_description":"Nuestra cama antiestres con funda, ademas de relajar a tu mascota la protege del aire y el frio Chica 60 cm de di\u00e1metro Debido al empaquetado para env\u00edo, para que su cama regrese a su tama\u00f1o, solo tienen que manipular un poco la fibra y regresar\u00e1 a su tama\u00f1o pach\u00f3n. &nbsp; RECOMENDACI\u00d3N DE LAVADO &#8211; [&hellip;]","og_url":"https:\/\/mascotaqriosa.com.mx\/en\/product\/cama-antiestres-con-funda\/","og_site_name":"MascotaQRiosa","article_publisher":"https:\/\/www.facebook.com\/profile.php?id=61581076165222","article_modified_time":"2025-09-25T00:52:04+00:00","og_image":[{"width":465,"height":567,"url":"https:\/\/mascotaqriosa.com.mx\/wp-content\/uploads\/2025\/09\/2-general-a.jpg","type":"image\/jpeg"}],"twitter_card":"summary_large_image","twitter_misc":{"Est. reading time":"1 minute"},"schema":{"@context":"https:\/\/schema.org","@graph":[{"@type":"WebPage","@id":"https:\/\/mascotaqriosa.com.mx\/product\/cama-antiestres-con-funda\/","url":"https:\/\/mascotaqriosa.com.mx\/product\/cama-antiestres-con-funda\/","name":"Cama Antiestres (con funda) | MascotaQRiosa","isPartOf":{"@id":"https:\/\/mascotaqriosa.com.mx\/#website"},"primaryImageOfPage":{"@id":"https:\/\/mascotaqriosa.com.mx\/product\/cama-antiestres-con-funda\/#primaryimage"},"image":{"@id":"https:\/\/mascotaqriosa.com.mx\/product\/cama-antiestres-con-funda\/#primaryimage"},"thumbnailUrl":"https:\/\/mascotaqriosa.com.mx\/wp-content\/uploads\/2025\/09\/2-general-a.jpg","datePublished":"2025-09-09T20:16:54+00:00","dateModified":"2025-09-25T00:52:04+00:00","breadcrumb":{"@id":"https:\/\/mascotaqriosa.com.mx\/product\/cama-antiestres-con-funda\/#breadcrumb"},"inLanguage":"en-US","potentialAction":[{"@type":"ReadAction","target":["https:\/\/mascotaqriosa.com.mx\/product\/cama-antiestres-con-funda\/"]}]},{"@type":"ImageObject","inLanguage":"en-US","@id":"https:\/\/mascotaqriosa.com.mx\/product\/cama-antiestres-con-funda\/#primaryimage","url":"https:\/\/mascotaqriosa.com.mx\/wp-content\/uploads\/2025\/09\/2-general-a.jpg","contentUrl":"https:\/\/mascotaqriosa.com.mx\/wp-content\/uploads\/2025\/09\/2-general-a.jpg","width":465,"height":567},{"@type":"BreadcrumbList","@id":"https:\/\/mascotaqriosa.com.mx\/product\/cama-antiestres-con-funda\/#breadcrumb","itemListElement":[{"@type":"ListItem","position":1,"name":"Home","item":"https:\/\/mascotaqriosa.com.mx\/"},{"@type":"ListItem","position":2,"name":"Pet shop","item":"https:\/\/mascotaqriosa.com.mx\/shop\/"},{"@type":"ListItem","position":3,"name":"Cama Antiestres (con funda)"}]},{"@type":"WebSite","@id":"https:\/\/mascotaqriosa.com.mx\/#website","url":"https:\/\/mascotaqriosa.com.mx\/","name":"MascotaQRiosa","description":"La comunidad de mascotas #1 de M\u00e9xico","publisher":{"@id":"https:\/\/mascotaqriosa.com.mx\/#organization"},"potentialAction":[{"@type":"SearchAction","target":{"@type":"EntryPoint","urlTemplate":"https:\/\/mascotaqriosa.com.mx\/?s={search_term_string}"},"query-input":{"@type":"PropertyValueSpecification","valueRequired":true,"valueName":"search_term_string"}}],"inLanguage":"en-US"},{"@type":"Organization","@id":"https:\/\/mascotaqriosa.com.mx\/#organization","name":"MascotaQRiosa","url":"https:\/\/mascotaqriosa.com.mx\/","logo":{"@type":"ImageObject","inLanguage":"en-US","@id":"https:\/\/mascotaqriosa.com.mx\/#\/schema\/logo\/image\/","url":"https:\/\/mascotaqriosa.com.mx\/wp-content\/uploads\/2025\/08\/logo_footer-2.png","contentUrl":"https:\/\/mascotaqriosa.com.mx\/wp-content\/uploads\/2025\/08\/logo_footer-2.png","width":1080,"height":1080,"caption":"MascotaQRiosa"},"image":{"@id":"https:\/\/mascotaqriosa.com.mx\/#\/schema\/logo\/image\/"},"sameAs":["https:\/\/www.facebook.com\/profile.php?id=61581076165222","https:\/\/www.tiktok.com\/@mascotaqriosa","https:\/\/www.instagram.com\/mascotaqriosa"]}]}},"_links":{"self":[{"href":"https:\/\/mascotaqriosa.com.mx\/en\/wp-json\/wp\/v2\/product\/4136","targetHints":{"allow":["GET"]}}],"collection":[{"href":"https:\/\/mascotaqriosa.com.mx\/en\/wp-json\/wp\/v2\/product"}],"about":[{"href":"https:\/\/mascotaqriosa.com.mx\/en\/wp-json\/wp\/v2\/types\/product"}],"replies":[{"embeddable":true,"href":"https:\/\/mascotaqriosa.com.mx\/en\/wp-json\/wp\/v2\/comments?post=4136"}],"version-history":[{"count":0,"href":"https:\/\/mascotaqriosa.com.mx\/en\/wp-json\/wp\/v2\/product\/4136\/revisions"}],"wp:featuredmedia":[{"embeddable":true,"href":"https:\/\/mascotaqriosa.com.mx\/en\/wp-json\/wp\/v2\/media\/4143"}],"wp:attachment":[{"href":"https:\/\/mascotaqriosa.com.mx\/en\/wp-json\/wp\/v2\/media?parent=4136"}],"wp:term":[{"taxonomy":"product_brand","embeddable":true,"href":"https:\/\/mascotaqriosa.com.mx\/en\/wp-json\/wp\/v2\/product_brand?post=4136"},{"taxonomy":"product_cat","embeddable":true,"href":"https:\/\/mascotaqriosa.com.mx\/en\/wp-json\/wp\/v2\/product_cat?post=4136"},{"taxonomy":"product_tag","embeddable":true,"href":"https:\/\/mascotaqriosa.com.mx\/en\/wp-json\/wp\/v2\/product_tag?post=4136"}],"curies":[{"name":"wp","href":"https:\/\/api.w.org\/{rel}","templated":true}]}}