{"id":3703,"date":"2025-09-23T16:27:17","date_gmt":"2025-09-23T22:27:17","guid":{"rendered":"https:\/\/mascotaqriosa.com.mx\/?post_type=product&#038;p=3703"},"modified":"2025-09-30T17:34:21","modified_gmt":"2025-09-30T23:34:21","slug":"placa-hueso-blanco","status":"publish","type":"product","link":"https:\/\/mascotaqriosa.com.mx\/en\/product\/placa-hueso-blanco\/","title":{"rendered":"Placa Hueso Blanco"},"content":{"rendered":"<p><span dir=\"auto\" style=\"vertical-align: inherit;\">Placa Identificadora de mascotas con c\u00f3digo QR.<\/span><\/p>\n<p><span dir=\"auto\" style=\"vertical-align: inherit;\">Aluminio ionizado,\u00a0 color met\u00e1lico y QR grabado.<\/span><\/p>\n<p>Los colores pueden variar ligeramente de la foto.<\/p>\n<p>&nbsp;<\/p>","protected":false},"excerpt":{"rendered":"<p><span dir=\"auto\" style=\"vertical-align: inherit;\">Placa de identificaci\u00f3n para mascotas con c\u00f3digo QR.<\/span><\/p>\n<p><span dir=\"auto\" style=\"vertical-align: inherit;\">Con la placa identificadora de Mascota Qriosa siempre estar\u00e1 segura y podr\u00e1 regresar a casa.<\/span><\/p>\n<p><span dir=\"auto\" style=\"vertical-align: inherit;\">El c\u00f3digo QR te lleva a la informaci\u00f3n de la mascota para que pueda regresar a casa.<\/span><\/p>","protected":false},"featured_media":3704,"comment_status":"open","ping_status":"closed","template":"","meta":{"_acf_changed":false},"product_brand":[35],"product_cat":[97,96,99],"product_tag":[85,88,92,106,90],"class_list":{"0":"post-3703","1":"product","2":"type-product","3":"status-publish","4":"has-post-thumbnail","6":"product_brand-mascotaqriosa","7":"product_cat-gato","8":"product_cat-perro","9":"product_cat-placa-con-qr","10":"product_tag-perro-placa","11":"product_tag-placa","12":"product_tag-placa-identificadora-de-mascotas","13":"product_tag-placa-identificadrora-con-qr","14":"product_tag-placa-para-mascota-con-qr","16":"first","17":"instock","18":"shipping-taxable","19":"purchasable","20":"product-type-variable"},"acf":[],"yoast_head":"<!-- This site is optimized with the Yoast SEO plugin v27.3 - https:\/\/yoast.com\/product\/yoast-seo-wordpress\/ -->\n<title>Placa Hueso Blanco | MascotaQRiosa<\/title>\n<meta name=\"robots\" content=\"index, follow, max-snippet:-1, max-image-preview:large, max-video-preview:-1\" \/>\n<link rel=\"canonical\" href=\"https:\/\/mascotaqriosa.com.mx\/en\/product\/placa-hueso-blanco\/\" \/>\n<meta property=\"og:locale\" content=\"en_US\" \/>\n<meta property=\"og:type\" content=\"article\" \/>\n<meta property=\"og:title\" content=\"Placa Hueso Blanco | MascotaQRiosa\" \/>\n<meta property=\"og:description\" content=\"Placa de identificaci\u00f3n para mascotas con c\u00f3digo QR.  Con la placa identificadora de Mascota Qriosa siempre estar\u00e1 segura y podr\u00e1 regresar a casa.  El c\u00f3digo QR te lleva a la informaci\u00f3n de la mascota para que pueda regresar a casa.\" \/>\n<meta property=\"og:url\" content=\"https:\/\/mascotaqriosa.com.mx\/en\/product\/placa-hueso-blanco\/\" \/>\n<meta property=\"og:site_name\" content=\"MascotaQRiosa\" \/>\n<meta property=\"article:publisher\" content=\"https:\/\/www.facebook.com\/profile.php?id=61581076165222\" \/>\n<meta property=\"article:modified_time\" content=\"2025-09-30T23:34:21+00:00\" \/>\n<meta property=\"og:image\" content=\"https:\/\/mascotaqriosa.com.mx\/wp-content\/uploads\/2025\/09\/hueso-blanco.png\" \/>\n\t<meta property=\"og:image:width\" content=\"1024\" \/>\n\t<meta property=\"og:image:height\" content=\"1024\" \/>\n\t<meta property=\"og:image:type\" content=\"image\/png\" \/>\n<meta name=\"twitter:card\" content=\"summary_large_image\" \/>\n<script type=\"application\/ld+json\" class=\"yoast-schema-graph\">{\"@context\":\"https:\\\/\\\/schema.org\",\"@graph\":[{\"@type\":\"WebPage\",\"@id\":\"https:\\\/\\\/mascotaqriosa.com.mx\\\/product\\\/placa-hueso-blanco\\\/\",\"url\":\"https:\\\/\\\/mascotaqriosa.com.mx\\\/product\\\/placa-hueso-blanco\\\/\",\"name\":\"Placa Hueso Blanco | MascotaQRiosa\",\"isPartOf\":{\"@id\":\"https:\\\/\\\/mascotaqriosa.com.mx\\\/#website\"},\"primaryImageOfPage\":{\"@id\":\"https:\\\/\\\/mascotaqriosa.com.mx\\\/product\\\/placa-hueso-blanco\\\/#primaryimage\"},\"image\":{\"@id\":\"https:\\\/\\\/mascotaqriosa.com.mx\\\/product\\\/placa-hueso-blanco\\\/#primaryimage\"},\"thumbnailUrl\":\"https:\\\/\\\/mascotaqriosa.com.mx\\\/wp-content\\\/uploads\\\/2025\\\/09\\\/hueso-blanco.png\",\"datePublished\":\"2025-09-23T22:27:17+00:00\",\"dateModified\":\"2025-09-30T23:34:21+00:00\",\"breadcrumb\":{\"@id\":\"https:\\\/\\\/mascotaqriosa.com.mx\\\/product\\\/placa-hueso-blanco\\\/#breadcrumb\"},\"inLanguage\":\"en-US\",\"potentialAction\":[{\"@type\":\"ReadAction\",\"target\":[\"https:\\\/\\\/mascotaqriosa.com.mx\\\/product\\\/placa-hueso-blanco\\\/\"]}]},{\"@type\":\"ImageObject\",\"inLanguage\":\"en-US\",\"@id\":\"https:\\\/\\\/mascotaqriosa.com.mx\\\/product\\\/placa-hueso-blanco\\\/#primaryimage\",\"url\":\"https:\\\/\\\/mascotaqriosa.com.mx\\\/wp-content\\\/uploads\\\/2025\\\/09\\\/hueso-blanco.png\",\"contentUrl\":\"https:\\\/\\\/mascotaqriosa.com.mx\\\/wp-content\\\/uploads\\\/2025\\\/09\\\/hueso-blanco.png\",\"width\":1024,\"height\":1024},{\"@type\":\"BreadcrumbList\",\"@id\":\"https:\\\/\\\/mascotaqriosa.com.mx\\\/product\\\/placa-hueso-blanco\\\/#breadcrumb\",\"itemListElement\":[{\"@type\":\"ListItem\",\"position\":1,\"name\":\"Home\",\"item\":\"https:\\\/\\\/mascotaqriosa.com.mx\\\/\"},{\"@type\":\"ListItem\",\"position\":2,\"name\":\"Pet shop\",\"item\":\"https:\\\/\\\/mascotaqriosa.com.mx\\\/shop\\\/\"},{\"@type\":\"ListItem\",\"position\":3,\"name\":\"Placa Hueso Blanco\"}]},{\"@type\":\"WebSite\",\"@id\":\"https:\\\/\\\/mascotaqriosa.com.mx\\\/#website\",\"url\":\"https:\\\/\\\/mascotaqriosa.com.mx\\\/\",\"name\":\"MascotaQRiosa\",\"description\":\"La comunidad de mascotas #1 de M\u00e9xico\",\"publisher\":{\"@id\":\"https:\\\/\\\/mascotaqriosa.com.mx\\\/#organization\"},\"potentialAction\":[{\"@type\":\"SearchAction\",\"target\":{\"@type\":\"EntryPoint\",\"urlTemplate\":\"https:\\\/\\\/mascotaqriosa.com.mx\\\/?s={search_term_string}\"},\"query-input\":{\"@type\":\"PropertyValueSpecification\",\"valueRequired\":true,\"valueName\":\"search_term_string\"}}],\"inLanguage\":\"en-US\"},{\"@type\":\"Organization\",\"@id\":\"https:\\\/\\\/mascotaqriosa.com.mx\\\/#organization\",\"name\":\"MascotaQRiosa\",\"url\":\"https:\\\/\\\/mascotaqriosa.com.mx\\\/\",\"logo\":{\"@type\":\"ImageObject\",\"inLanguage\":\"en-US\",\"@id\":\"https:\\\/\\\/mascotaqriosa.com.mx\\\/#\\\/schema\\\/logo\\\/image\\\/\",\"url\":\"https:\\\/\\\/mascotaqriosa.com.mx\\\/wp-content\\\/uploads\\\/2025\\\/08\\\/logo_footer-2.png\",\"contentUrl\":\"https:\\\/\\\/mascotaqriosa.com.mx\\\/wp-content\\\/uploads\\\/2025\\\/08\\\/logo_footer-2.png\",\"width\":1080,\"height\":1080,\"caption\":\"MascotaQRiosa\"},\"image\":{\"@id\":\"https:\\\/\\\/mascotaqriosa.com.mx\\\/#\\\/schema\\\/logo\\\/image\\\/\"},\"sameAs\":[\"https:\\\/\\\/www.facebook.com\\\/profile.php?id=61581076165222\",\"https:\\\/\\\/www.tiktok.com\\\/@mascotaqriosa\",\"https:\\\/\\\/www.instagram.com\\\/mascotaqriosa\"]}]}<\/script>\n<!-- \/ Yoast SEO plugin. -->","yoast_head_json":{"title":"Placa Hueso Blanco | MascotaQRiosa","robots":{"index":"index","follow":"follow","max-snippet":"max-snippet:-1","max-image-preview":"max-image-preview:large","max-video-preview":"max-video-preview:-1"},"canonical":"https:\/\/mascotaqriosa.com.mx\/en\/product\/placa-hueso-blanco\/","og_locale":"en_US","og_type":"article","og_title":"Placa Hueso Blanco | MascotaQRiosa","og_description":"Placa de identificaci\u00f3n para mascotas con c\u00f3digo QR.  Con la placa identificadora de Mascota Qriosa siempre estar\u00e1 segura y podr\u00e1 regresar a casa.  El c\u00f3digo QR te lleva a la informaci\u00f3n de la mascota para que pueda regresar a casa.","og_url":"https:\/\/mascotaqriosa.com.mx\/en\/product\/placa-hueso-blanco\/","og_site_name":"MascotaQRiosa","article_publisher":"https:\/\/www.facebook.com\/profile.php?id=61581076165222","article_modified_time":"2025-09-30T23:34:21+00:00","og_image":[{"width":1024,"height":1024,"url":"https:\/\/mascotaqriosa.com.mx\/wp-content\/uploads\/2025\/09\/hueso-blanco.png","type":"image\/png"}],"twitter_card":"summary_large_image","schema":{"@context":"https:\/\/schema.org","@graph":[{"@type":"WebPage","@id":"https:\/\/mascotaqriosa.com.mx\/product\/placa-hueso-blanco\/","url":"https:\/\/mascotaqriosa.com.mx\/product\/placa-hueso-blanco\/","name":"Placa Hueso Blanco | MascotaQRiosa","isPartOf":{"@id":"https:\/\/mascotaqriosa.com.mx\/#website"},"primaryImageOfPage":{"@id":"https:\/\/mascotaqriosa.com.mx\/product\/placa-hueso-blanco\/#primaryimage"},"image":{"@id":"https:\/\/mascotaqriosa.com.mx\/product\/placa-hueso-blanco\/#primaryimage"},"thumbnailUrl":"https:\/\/mascotaqriosa.com.mx\/wp-content\/uploads\/2025\/09\/hueso-blanco.png","datePublished":"2025-09-23T22:27:17+00:00","dateModified":"2025-09-30T23:34:21+00:00","breadcrumb":{"@id":"https:\/\/mascotaqriosa.com.mx\/product\/placa-hueso-blanco\/#breadcrumb"},"inLanguage":"en-US","potentialAction":[{"@type":"ReadAction","target":["https:\/\/mascotaqriosa.com.mx\/product\/placa-hueso-blanco\/"]}]},{"@type":"ImageObject","inLanguage":"en-US","@id":"https:\/\/mascotaqriosa.com.mx\/product\/placa-hueso-blanco\/#primaryimage","url":"https:\/\/mascotaqriosa.com.mx\/wp-content\/uploads\/2025\/09\/hueso-blanco.png","contentUrl":"https:\/\/mascotaqriosa.com.mx\/wp-content\/uploads\/2025\/09\/hueso-blanco.png","width":1024,"height":1024},{"@type":"BreadcrumbList","@id":"https:\/\/mascotaqriosa.com.mx\/product\/placa-hueso-blanco\/#breadcrumb","itemListElement":[{"@type":"ListItem","position":1,"name":"Home","item":"https:\/\/mascotaqriosa.com.mx\/"},{"@type":"ListItem","position":2,"name":"Pet shop","item":"https:\/\/mascotaqriosa.com.mx\/shop\/"},{"@type":"ListItem","position":3,"name":"Placa Hueso Blanco"}]},{"@type":"WebSite","@id":"https:\/\/mascotaqriosa.com.mx\/#website","url":"https:\/\/mascotaqriosa.com.mx\/","name":"MascotaQRiosa","description":"La comunidad de mascotas #1 de M\u00e9xico","publisher":{"@id":"https:\/\/mascotaqriosa.com.mx\/#organization"},"potentialAction":[{"@type":"SearchAction","target":{"@type":"EntryPoint","urlTemplate":"https:\/\/mascotaqriosa.com.mx\/?s={search_term_string}"},"query-input":{"@type":"PropertyValueSpecification","valueRequired":true,"valueName":"search_term_string"}}],"inLanguage":"en-US"},{"@type":"Organization","@id":"https:\/\/mascotaqriosa.com.mx\/#organization","name":"MascotaQRiosa","url":"https:\/\/mascotaqriosa.com.mx\/","logo":{"@type":"ImageObject","inLanguage":"en-US","@id":"https:\/\/mascotaqriosa.com.mx\/#\/schema\/logo\/image\/","url":"https:\/\/mascotaqriosa.com.mx\/wp-content\/uploads\/2025\/08\/logo_footer-2.png","contentUrl":"https:\/\/mascotaqriosa.com.mx\/wp-content\/uploads\/2025\/08\/logo_footer-2.png","width":1080,"height":1080,"caption":"MascotaQRiosa"},"image":{"@id":"https:\/\/mascotaqriosa.com.mx\/#\/schema\/logo\/image\/"},"sameAs":["https:\/\/www.facebook.com\/profile.php?id=61581076165222","https:\/\/www.tiktok.com\/@mascotaqriosa","https:\/\/www.instagram.com\/mascotaqriosa"]}]}},"_links":{"self":[{"href":"https:\/\/mascotaqriosa.com.mx\/en\/wp-json\/wp\/v2\/product\/3703","targetHints":{"allow":["GET"]}}],"collection":[{"href":"https:\/\/mascotaqriosa.com.mx\/en\/wp-json\/wp\/v2\/product"}],"about":[{"href":"https:\/\/mascotaqriosa.com.mx\/en\/wp-json\/wp\/v2\/types\/product"}],"replies":[{"embeddable":true,"href":"https:\/\/mascotaqriosa.com.mx\/en\/wp-json\/wp\/v2\/comments?post=3703"}],"version-history":[{"count":0,"href":"https:\/\/mascotaqriosa.com.mx\/en\/wp-json\/wp\/v2\/product\/3703\/revisions"}],"wp:featuredmedia":[{"embeddable":true,"href":"https:\/\/mascotaqriosa.com.mx\/en\/wp-json\/wp\/v2\/media\/3704"}],"wp:attachment":[{"href":"https:\/\/mascotaqriosa.com.mx\/en\/wp-json\/wp\/v2\/media?parent=3703"}],"wp:term":[{"taxonomy":"product_brand","embeddable":true,"href":"https:\/\/mascotaqriosa.com.mx\/en\/wp-json\/wp\/v2\/product_brand?post=3703"},{"taxonomy":"product_cat","embeddable":true,"href":"https:\/\/mascotaqriosa.com.mx\/en\/wp-json\/wp\/v2\/product_cat?post=3703"},{"taxonomy":"product_tag","embeddable":true,"href":"https:\/\/mascotaqriosa.com.mx\/en\/wp-json\/wp\/v2\/product_tag?post=3703"}],"curies":[{"name":"wp","href":"https:\/\/api.w.org\/{rel}","templated":true}]}}