{"id":3087,"date":"2025-09-23T00:16:19","date_gmt":"2025-09-23T06:16:19","guid":{"rendered":"https:\/\/mascotaqriosa.com.mx\/?post_type=product&#038;p=3087"},"modified":"2025-09-30T17:37:48","modified_gmt":"2025-09-30T23:37:48","slug":"placa-militar","status":"publish","type":"product","link":"https:\/\/mascotaqriosa.com.mx\/en\/product\/placa-militar\/","title":{"rendered":"Placa Militar"},"content":{"rendered":"<p><span dir=\"auto\" style=\"vertical-align: inherit;\">Placa Identificadora de mascotas con codgico QR.<\/span><\/p>\n<p>Acero Inoxibadle y QR grabado.<\/p>\n<p>Medidas 2.6 cm ancho x 4.5 cm alto<\/p>","protected":false},"excerpt":{"rendered":"<p><span dir=\"auto\" style=\"vertical-align: inherit;\">Placa de identificaci\u00f3n para mascotas con c\u00f3digo QR.<\/span><\/p>\n<p><span dir=\"auto\" style=\"vertical-align: inherit;\">Con la placa identificadora de mascota Qriosa siempre estar\u00e1 segura y podr\u00e1 regresar a casa.<\/span><\/p>\n<p><span dir=\"auto\" style=\"vertical-align: inherit;\">El c\u00f3digo QR te lleva a la informaci\u00f3n de la mascota para que puedas regresarla a casa.<\/span><\/p>","protected":false},"featured_media":3657,"comment_status":"open","ping_status":"closed","template":"","meta":{"_acf_changed":false},"product_brand":[35],"product_cat":[16,96,99],"product_tag":[88,82,92,103,102],"class_list":{"0":"post-3087","1":"product","2":"type-product","3":"status-publish","4":"has-post-thumbnail","6":"product_brand-mascotaqriosa","7":"product_cat-other","8":"product_cat-perro","9":"product_cat-placa-con-qr","10":"product_tag-placa","11":"product_tag-placa-identificadora","12":"product_tag-placa-identificadora-de-mascotas","13":"product_tag-placa-perro","14":"product_tag-qr","16":"first","17":"instock","18":"shipping-taxable","19":"purchasable","20":"product-type-simple"},"acf":[],"yoast_head":"<!-- This site is optimized with the Yoast SEO plugin v27.3 - https:\/\/yoast.com\/product\/yoast-seo-wordpress\/ -->\n<title>Placa Militar | MascotaQRiosa<\/title>\n<meta name=\"robots\" content=\"index, follow, max-snippet:-1, max-image-preview:large, max-video-preview:-1\" \/>\n<link rel=\"canonical\" href=\"https:\/\/mascotaqriosa.com.mx\/en\/product\/placa-militar\/\" \/>\n<meta property=\"og:locale\" content=\"en_US\" \/>\n<meta property=\"og:type\" content=\"article\" \/>\n<meta property=\"og:title\" content=\"Placa Militar | MascotaQRiosa\" \/>\n<meta property=\"og:description\" content=\"Placa de identificaci\u00f3n para mascotas con c\u00f3digo QR.  Con la placa identificadora de mascota Qriosa siempre estar\u00e1 segura y podr\u00e1 regresar a casa.  El c\u00f3digo QR te lleva a la informaci\u00f3n de la mascota para que puedas regresarla a casa.\" \/>\n<meta property=\"og:url\" content=\"https:\/\/mascotaqriosa.com.mx\/en\/product\/placa-militar\/\" \/>\n<meta property=\"og:site_name\" content=\"MascotaQRiosa\" \/>\n<meta property=\"article:publisher\" content=\"https:\/\/www.facebook.com\/profile.php?id=61581076165222\" \/>\n<meta property=\"article:modified_time\" content=\"2025-09-30T23:37:48+00:00\" \/>\n<meta property=\"og:image\" content=\"https:\/\/mascotaqriosa.com.mx\/wp-content\/uploads\/2025\/08\/Mascota-Qriosa-512-x-512-px-10-1.png\" \/>\n\t<meta property=\"og:image:width\" content=\"512\" \/>\n\t<meta property=\"og:image:height\" content=\"512\" \/>\n\t<meta property=\"og:image:type\" content=\"image\/png\" \/>\n<meta name=\"twitter:card\" content=\"summary_large_image\" \/>\n<script type=\"application\/ld+json\" class=\"yoast-schema-graph\">{\"@context\":\"https:\\\/\\\/schema.org\",\"@graph\":[{\"@type\":\"WebPage\",\"@id\":\"https:\\\/\\\/mascotaqriosa.com.mx\\\/product\\\/placa-militar\\\/\",\"url\":\"https:\\\/\\\/mascotaqriosa.com.mx\\\/product\\\/placa-militar\\\/\",\"name\":\"Placa Militar | MascotaQRiosa\",\"isPartOf\":{\"@id\":\"https:\\\/\\\/mascotaqriosa.com.mx\\\/#website\"},\"primaryImageOfPage\":{\"@id\":\"https:\\\/\\\/mascotaqriosa.com.mx\\\/product\\\/placa-militar\\\/#primaryimage\"},\"image\":{\"@id\":\"https:\\\/\\\/mascotaqriosa.com.mx\\\/product\\\/placa-militar\\\/#primaryimage\"},\"thumbnailUrl\":\"https:\\\/\\\/mascotaqriosa.com.mx\\\/wp-content\\\/uploads\\\/2025\\\/08\\\/Mascota-Qriosa-512-x-512-px-10-1.png\",\"datePublished\":\"2025-09-23T06:16:19+00:00\",\"dateModified\":\"2025-09-30T23:37:48+00:00\",\"breadcrumb\":{\"@id\":\"https:\\\/\\\/mascotaqriosa.com.mx\\\/product\\\/placa-militar\\\/#breadcrumb\"},\"inLanguage\":\"en-US\",\"potentialAction\":[{\"@type\":\"ReadAction\",\"target\":[\"https:\\\/\\\/mascotaqriosa.com.mx\\\/product\\\/placa-militar\\\/\"]}]},{\"@type\":\"ImageObject\",\"inLanguage\":\"en-US\",\"@id\":\"https:\\\/\\\/mascotaqriosa.com.mx\\\/product\\\/placa-militar\\\/#primaryimage\",\"url\":\"https:\\\/\\\/mascotaqriosa.com.mx\\\/wp-content\\\/uploads\\\/2025\\\/08\\\/Mascota-Qriosa-512-x-512-px-10-1.png\",\"contentUrl\":\"https:\\\/\\\/mascotaqriosa.com.mx\\\/wp-content\\\/uploads\\\/2025\\\/08\\\/Mascota-Qriosa-512-x-512-px-10-1.png\",\"width\":512,\"height\":512},{\"@type\":\"BreadcrumbList\",\"@id\":\"https:\\\/\\\/mascotaqriosa.com.mx\\\/product\\\/placa-militar\\\/#breadcrumb\",\"itemListElement\":[{\"@type\":\"ListItem\",\"position\":1,\"name\":\"Home\",\"item\":\"https:\\\/\\\/mascotaqriosa.com.mx\\\/\"},{\"@type\":\"ListItem\",\"position\":2,\"name\":\"Pet shop\",\"item\":\"https:\\\/\\\/mascotaqriosa.com.mx\\\/shop\\\/\"},{\"@type\":\"ListItem\",\"position\":3,\"name\":\"Placa Militar\"}]},{\"@type\":\"WebSite\",\"@id\":\"https:\\\/\\\/mascotaqriosa.com.mx\\\/#website\",\"url\":\"https:\\\/\\\/mascotaqriosa.com.mx\\\/\",\"name\":\"MascotaQRiosa\",\"description\":\"La comunidad de mascotas #1 de M\u00e9xico\",\"publisher\":{\"@id\":\"https:\\\/\\\/mascotaqriosa.com.mx\\\/#organization\"},\"potentialAction\":[{\"@type\":\"SearchAction\",\"target\":{\"@type\":\"EntryPoint\",\"urlTemplate\":\"https:\\\/\\\/mascotaqriosa.com.mx\\\/?s={search_term_string}\"},\"query-input\":{\"@type\":\"PropertyValueSpecification\",\"valueRequired\":true,\"valueName\":\"search_term_string\"}}],\"inLanguage\":\"en-US\"},{\"@type\":\"Organization\",\"@id\":\"https:\\\/\\\/mascotaqriosa.com.mx\\\/#organization\",\"name\":\"MascotaQRiosa\",\"url\":\"https:\\\/\\\/mascotaqriosa.com.mx\\\/\",\"logo\":{\"@type\":\"ImageObject\",\"inLanguage\":\"en-US\",\"@id\":\"https:\\\/\\\/mascotaqriosa.com.mx\\\/#\\\/schema\\\/logo\\\/image\\\/\",\"url\":\"https:\\\/\\\/mascotaqriosa.com.mx\\\/wp-content\\\/uploads\\\/2025\\\/08\\\/logo_footer-2.png\",\"contentUrl\":\"https:\\\/\\\/mascotaqriosa.com.mx\\\/wp-content\\\/uploads\\\/2025\\\/08\\\/logo_footer-2.png\",\"width\":1080,\"height\":1080,\"caption\":\"MascotaQRiosa\"},\"image\":{\"@id\":\"https:\\\/\\\/mascotaqriosa.com.mx\\\/#\\\/schema\\\/logo\\\/image\\\/\"},\"sameAs\":[\"https:\\\/\\\/www.facebook.com\\\/profile.php?id=61581076165222\",\"https:\\\/\\\/www.tiktok.com\\\/@mascotaqriosa\",\"https:\\\/\\\/www.instagram.com\\\/mascotaqriosa\"]}]}<\/script>\n<!-- \/ Yoast SEO plugin. -->","yoast_head_json":{"title":"Placa Militar | MascotaQRiosa","robots":{"index":"index","follow":"follow","max-snippet":"max-snippet:-1","max-image-preview":"max-image-preview:large","max-video-preview":"max-video-preview:-1"},"canonical":"https:\/\/mascotaqriosa.com.mx\/en\/product\/placa-militar\/","og_locale":"en_US","og_type":"article","og_title":"Placa Militar | MascotaQRiosa","og_description":"Placa de identificaci\u00f3n para mascotas con c\u00f3digo QR.  Con la placa identificadora de mascota Qriosa siempre estar\u00e1 segura y podr\u00e1 regresar a casa.  El c\u00f3digo QR te lleva a la informaci\u00f3n de la mascota para que puedas regresarla a casa.","og_url":"https:\/\/mascotaqriosa.com.mx\/en\/product\/placa-militar\/","og_site_name":"MascotaQRiosa","article_publisher":"https:\/\/www.facebook.com\/profile.php?id=61581076165222","article_modified_time":"2025-09-30T23:37:48+00:00","og_image":[{"width":512,"height":512,"url":"https:\/\/mascotaqriosa.com.mx\/wp-content\/uploads\/2025\/08\/Mascota-Qriosa-512-x-512-px-10-1.png","type":"image\/png"}],"twitter_card":"summary_large_image","schema":{"@context":"https:\/\/schema.org","@graph":[{"@type":"WebPage","@id":"https:\/\/mascotaqriosa.com.mx\/product\/placa-militar\/","url":"https:\/\/mascotaqriosa.com.mx\/product\/placa-militar\/","name":"Placa Militar | MascotaQRiosa","isPartOf":{"@id":"https:\/\/mascotaqriosa.com.mx\/#website"},"primaryImageOfPage":{"@id":"https:\/\/mascotaqriosa.com.mx\/product\/placa-militar\/#primaryimage"},"image":{"@id":"https:\/\/mascotaqriosa.com.mx\/product\/placa-militar\/#primaryimage"},"thumbnailUrl":"https:\/\/mascotaqriosa.com.mx\/wp-content\/uploads\/2025\/08\/Mascota-Qriosa-512-x-512-px-10-1.png","datePublished":"2025-09-23T06:16:19+00:00","dateModified":"2025-09-30T23:37:48+00:00","breadcrumb":{"@id":"https:\/\/mascotaqriosa.com.mx\/product\/placa-militar\/#breadcrumb"},"inLanguage":"en-US","potentialAction":[{"@type":"ReadAction","target":["https:\/\/mascotaqriosa.com.mx\/product\/placa-militar\/"]}]},{"@type":"ImageObject","inLanguage":"en-US","@id":"https:\/\/mascotaqriosa.com.mx\/product\/placa-militar\/#primaryimage","url":"https:\/\/mascotaqriosa.com.mx\/wp-content\/uploads\/2025\/08\/Mascota-Qriosa-512-x-512-px-10-1.png","contentUrl":"https:\/\/mascotaqriosa.com.mx\/wp-content\/uploads\/2025\/08\/Mascota-Qriosa-512-x-512-px-10-1.png","width":512,"height":512},{"@type":"BreadcrumbList","@id":"https:\/\/mascotaqriosa.com.mx\/product\/placa-militar\/#breadcrumb","itemListElement":[{"@type":"ListItem","position":1,"name":"Home","item":"https:\/\/mascotaqriosa.com.mx\/"},{"@type":"ListItem","position":2,"name":"Pet shop","item":"https:\/\/mascotaqriosa.com.mx\/shop\/"},{"@type":"ListItem","position":3,"name":"Placa Militar"}]},{"@type":"WebSite","@id":"https:\/\/mascotaqriosa.com.mx\/#website","url":"https:\/\/mascotaqriosa.com.mx\/","name":"MascotaQRiosa","description":"La comunidad de mascotas #1 de M\u00e9xico","publisher":{"@id":"https:\/\/mascotaqriosa.com.mx\/#organization"},"potentialAction":[{"@type":"SearchAction","target":{"@type":"EntryPoint","urlTemplate":"https:\/\/mascotaqriosa.com.mx\/?s={search_term_string}"},"query-input":{"@type":"PropertyValueSpecification","valueRequired":true,"valueName":"search_term_string"}}],"inLanguage":"en-US"},{"@type":"Organization","@id":"https:\/\/mascotaqriosa.com.mx\/#organization","name":"MascotaQRiosa","url":"https:\/\/mascotaqriosa.com.mx\/","logo":{"@type":"ImageObject","inLanguage":"en-US","@id":"https:\/\/mascotaqriosa.com.mx\/#\/schema\/logo\/image\/","url":"https:\/\/mascotaqriosa.com.mx\/wp-content\/uploads\/2025\/08\/logo_footer-2.png","contentUrl":"https:\/\/mascotaqriosa.com.mx\/wp-content\/uploads\/2025\/08\/logo_footer-2.png","width":1080,"height":1080,"caption":"MascotaQRiosa"},"image":{"@id":"https:\/\/mascotaqriosa.com.mx\/#\/schema\/logo\/image\/"},"sameAs":["https:\/\/www.facebook.com\/profile.php?id=61581076165222","https:\/\/www.tiktok.com\/@mascotaqriosa","https:\/\/www.instagram.com\/mascotaqriosa"]}]}},"_links":{"self":[{"href":"https:\/\/mascotaqriosa.com.mx\/en\/wp-json\/wp\/v2\/product\/3087","targetHints":{"allow":["GET"]}}],"collection":[{"href":"https:\/\/mascotaqriosa.com.mx\/en\/wp-json\/wp\/v2\/product"}],"about":[{"href":"https:\/\/mascotaqriosa.com.mx\/en\/wp-json\/wp\/v2\/types\/product"}],"replies":[{"embeddable":true,"href":"https:\/\/mascotaqriosa.com.mx\/en\/wp-json\/wp\/v2\/comments?post=3087"}],"version-history":[{"count":0,"href":"https:\/\/mascotaqriosa.com.mx\/en\/wp-json\/wp\/v2\/product\/3087\/revisions"}],"wp:featuredmedia":[{"embeddable":true,"href":"https:\/\/mascotaqriosa.com.mx\/en\/wp-json\/wp\/v2\/media\/3657"}],"wp:attachment":[{"href":"https:\/\/mascotaqriosa.com.mx\/en\/wp-json\/wp\/v2\/media?parent=3087"}],"wp:term":[{"taxonomy":"product_brand","embeddable":true,"href":"https:\/\/mascotaqriosa.com.mx\/en\/wp-json\/wp\/v2\/product_brand?post=3087"},{"taxonomy":"product_cat","embeddable":true,"href":"https:\/\/mascotaqriosa.com.mx\/en\/wp-json\/wp\/v2\/product_cat?post=3087"},{"taxonomy":"product_tag","embeddable":true,"href":"https:\/\/mascotaqriosa.com.mx\/en\/wp-json\/wp\/v2\/product_tag?post=3087"}],"curies":[{"name":"wp","href":"https:\/\/api.w.org\/{rel}","templated":true}]}}