{"id":1405,"date":"2025-08-18T11:44:04","date_gmt":"2025-08-18T11:44:04","guid":{"rendered":"https:\/\/mascotaqriosa.com.mx\/?post_type=product&#038;p=1405"},"modified":"2025-09-08T18:22:36","modified_gmt":"2025-09-09T00:22:36","slug":"pug","status":"publish","type":"product","link":"https:\/\/mascotaqriosa.com.mx\/en\/product\/pug\/","title":{"rendered":"PUG"},"content":{"rendered":"<p><span dir=\"auto\" style=\"vertical-align: inherit;\"><span dir=\"auto\" style=\"vertical-align: inherit;\">Dise\u00f1o inspirado en las caracter\u00edsticas de la raza. <\/span><\/span><\/p>\n<p><span dir=\"auto\" style=\"vertical-align: inherit;\"><span dir=\"auto\" style=\"vertical-align: inherit;\">Peluches 100% mexicanos de marca Kuki Luki.<\/span><\/span><\/p>\n<p>Medidas 8 cm ancho x 20 cm alto<\/p>","protected":false},"excerpt":{"rendered":"<p><span dir=\"auto\" style=\"vertical-align: inherit;\">\u00a1Conoce a tu nuevo compa\u00f1ero de aventuras! Este adorable y curioso peluche de raza Pug, con una encantadora carita arrugada en tonos beige, negro y marr\u00f3n, est\u00e1 dise\u00f1ado para derretir corazones con su ternura y realismo. Con un pelaje ultrasuave, ojos brillantes y expresivos y detalles cuidadosamente bordados, este peluche tiene el tama\u00f1o perfecto para acurrucarte, decorar, regalar o como compa\u00f1ero de tu mascota. <\/span><\/p>","protected":false},"featured_media":3988,"comment_status":"open","ping_status":"closed","template":"","meta":{"_acf_changed":false},"product_brand":[35],"product_cat":[98,95,96],"product_tag":[100,119,121,120],"class_list":{"0":"post-1405","1":"product","2":"type-product","3":"status-publish","4":"has-post-thumbnail","6":"product_brand-mascotaqriosa","7":"product_cat-mascotas","8":"product_cat-peluches-2","9":"product_cat-perro","10":"product_tag-peluches","11":"product_tag-perro-de-peluche","12":"product_tag-perro-pug","13":"product_tag-pug-perro","15":"first","16":"instock","17":"shipping-taxable","18":"purchasable","19":"product-type-simple"},"acf":[],"yoast_head":"<!-- This site is optimized with the Yoast SEO plugin v27.3 - https:\/\/yoast.com\/product\/yoast-seo-wordpress\/ -->\n<title>PUG | MascotaQRiosa<\/title>\n<meta name=\"robots\" content=\"index, follow, max-snippet:-1, max-image-preview:large, max-video-preview:-1\" \/>\n<link rel=\"canonical\" href=\"https:\/\/mascotaqriosa.com.mx\/en\/product\/pug\/\" \/>\n<meta property=\"og:locale\" content=\"en_US\" \/>\n<meta property=\"og:type\" content=\"article\" \/>\n<meta property=\"og:title\" content=\"PUG | MascotaQRiosa\" \/>\n<meta property=\"og:description\" content=\"\u00a1Conoce a tu nuevo compa\u00f1ero de aventuras! Este adorable y curioso peluche de raza Pug, con una encantadora carita arrugada en tonos beige, negro y marr\u00f3n, est\u00e1 dise\u00f1ado para derretir corazones con su ternura y realismo. Con un pelaje ultrasuave, ojos brillantes y expresivos y detalles cuidadosamente bordados, este peluche tiene el tama\u00f1o perfecto para acurrucarte, decorar, regalar o como compa\u00f1ero de tu mascota.\" \/>\n<meta property=\"og:url\" content=\"https:\/\/mascotaqriosa.com.mx\/en\/product\/pug\/\" \/>\n<meta property=\"og:site_name\" content=\"MascotaQRiosa\" \/>\n<meta property=\"article:publisher\" content=\"https:\/\/www.facebook.com\/profile.php?id=61581076165222\" \/>\n<meta property=\"article:modified_time\" content=\"2025-09-09T00:22:36+00:00\" \/>\n<meta property=\"og:image\" content=\"https:\/\/mascotaqriosa.com.mx\/wp-content\/uploads\/2025\/08\/pug-1.png\" \/>\n\t<meta property=\"og:image:width\" content=\"1024\" \/>\n\t<meta property=\"og:image:height\" content=\"1024\" \/>\n\t<meta property=\"og:image:type\" content=\"image\/png\" \/>\n<meta name=\"twitter:card\" content=\"summary_large_image\" \/>\n<script type=\"application\/ld+json\" class=\"yoast-schema-graph\">{\"@context\":\"https:\\\/\\\/schema.org\",\"@graph\":[{\"@type\":\"WebPage\",\"@id\":\"https:\\\/\\\/mascotaqriosa.com.mx\\\/product\\\/pug\\\/\",\"url\":\"https:\\\/\\\/mascotaqriosa.com.mx\\\/product\\\/pug\\\/\",\"name\":\"PUG | MascotaQRiosa\",\"isPartOf\":{\"@id\":\"https:\\\/\\\/mascotaqriosa.com.mx\\\/#website\"},\"primaryImageOfPage\":{\"@id\":\"https:\\\/\\\/mascotaqriosa.com.mx\\\/product\\\/pug\\\/#primaryimage\"},\"image\":{\"@id\":\"https:\\\/\\\/mascotaqriosa.com.mx\\\/product\\\/pug\\\/#primaryimage\"},\"thumbnailUrl\":\"https:\\\/\\\/mascotaqriosa.com.mx\\\/wp-content\\\/uploads\\\/2025\\\/08\\\/pug-1.png\",\"datePublished\":\"2025-08-18T11:44:04+00:00\",\"dateModified\":\"2025-09-09T00:22:36+00:00\",\"breadcrumb\":{\"@id\":\"https:\\\/\\\/mascotaqriosa.com.mx\\\/product\\\/pug\\\/#breadcrumb\"},\"inLanguage\":\"en-US\",\"potentialAction\":[{\"@type\":\"ReadAction\",\"target\":[\"https:\\\/\\\/mascotaqriosa.com.mx\\\/product\\\/pug\\\/\"]}]},{\"@type\":\"ImageObject\",\"inLanguage\":\"en-US\",\"@id\":\"https:\\\/\\\/mascotaqriosa.com.mx\\\/product\\\/pug\\\/#primaryimage\",\"url\":\"https:\\\/\\\/mascotaqriosa.com.mx\\\/wp-content\\\/uploads\\\/2025\\\/08\\\/pug-1.png\",\"contentUrl\":\"https:\\\/\\\/mascotaqriosa.com.mx\\\/wp-content\\\/uploads\\\/2025\\\/08\\\/pug-1.png\",\"width\":1024,\"height\":1024},{\"@type\":\"BreadcrumbList\",\"@id\":\"https:\\\/\\\/mascotaqriosa.com.mx\\\/product\\\/pug\\\/#breadcrumb\",\"itemListElement\":[{\"@type\":\"ListItem\",\"position\":1,\"name\":\"Home\",\"item\":\"https:\\\/\\\/mascotaqriosa.com.mx\\\/\"},{\"@type\":\"ListItem\",\"position\":2,\"name\":\"Pet shop\",\"item\":\"https:\\\/\\\/mascotaqriosa.com.mx\\\/shop\\\/\"},{\"@type\":\"ListItem\",\"position\":3,\"name\":\"PUG\"}]},{\"@type\":\"WebSite\",\"@id\":\"https:\\\/\\\/mascotaqriosa.com.mx\\\/#website\",\"url\":\"https:\\\/\\\/mascotaqriosa.com.mx\\\/\",\"name\":\"MascotaQRiosa\",\"description\":\"La comunidad de mascotas #1 de M\u00e9xico\",\"publisher\":{\"@id\":\"https:\\\/\\\/mascotaqriosa.com.mx\\\/#organization\"},\"potentialAction\":[{\"@type\":\"SearchAction\",\"target\":{\"@type\":\"EntryPoint\",\"urlTemplate\":\"https:\\\/\\\/mascotaqriosa.com.mx\\\/?s={search_term_string}\"},\"query-input\":{\"@type\":\"PropertyValueSpecification\",\"valueRequired\":true,\"valueName\":\"search_term_string\"}}],\"inLanguage\":\"en-US\"},{\"@type\":\"Organization\",\"@id\":\"https:\\\/\\\/mascotaqriosa.com.mx\\\/#organization\",\"name\":\"MascotaQRiosa\",\"url\":\"https:\\\/\\\/mascotaqriosa.com.mx\\\/\",\"logo\":{\"@type\":\"ImageObject\",\"inLanguage\":\"en-US\",\"@id\":\"https:\\\/\\\/mascotaqriosa.com.mx\\\/#\\\/schema\\\/logo\\\/image\\\/\",\"url\":\"https:\\\/\\\/mascotaqriosa.com.mx\\\/wp-content\\\/uploads\\\/2025\\\/08\\\/logo_footer-2.png\",\"contentUrl\":\"https:\\\/\\\/mascotaqriosa.com.mx\\\/wp-content\\\/uploads\\\/2025\\\/08\\\/logo_footer-2.png\",\"width\":1080,\"height\":1080,\"caption\":\"MascotaQRiosa\"},\"image\":{\"@id\":\"https:\\\/\\\/mascotaqriosa.com.mx\\\/#\\\/schema\\\/logo\\\/image\\\/\"},\"sameAs\":[\"https:\\\/\\\/www.facebook.com\\\/profile.php?id=61581076165222\",\"https:\\\/\\\/www.tiktok.com\\\/@mascotaqriosa\",\"https:\\\/\\\/www.instagram.com\\\/mascotaqriosa\"]}]}<\/script>\n<!-- \/ Yoast SEO plugin. -->","yoast_head_json":{"title":"PUG | MascotaQRiosa","robots":{"index":"index","follow":"follow","max-snippet":"max-snippet:-1","max-image-preview":"max-image-preview:large","max-video-preview":"max-video-preview:-1"},"canonical":"https:\/\/mascotaqriosa.com.mx\/en\/product\/pug\/","og_locale":"en_US","og_type":"article","og_title":"PUG | MascotaQRiosa","og_description":"\u00a1Conoce a tu nuevo compa\u00f1ero de aventuras! Este adorable y curioso peluche de raza Pug, con una encantadora carita arrugada en tonos beige, negro y marr\u00f3n, est\u00e1 dise\u00f1ado para derretir corazones con su ternura y realismo. Con un pelaje ultrasuave, ojos brillantes y expresivos y detalles cuidadosamente bordados, este peluche tiene el tama\u00f1o perfecto para acurrucarte, decorar, regalar o como compa\u00f1ero de tu mascota.","og_url":"https:\/\/mascotaqriosa.com.mx\/en\/product\/pug\/","og_site_name":"MascotaQRiosa","article_publisher":"https:\/\/www.facebook.com\/profile.php?id=61581076165222","article_modified_time":"2025-09-09T00:22:36+00:00","og_image":[{"width":1024,"height":1024,"url":"https:\/\/mascotaqriosa.com.mx\/wp-content\/uploads\/2025\/08\/pug-1.png","type":"image\/png"}],"twitter_card":"summary_large_image","schema":{"@context":"https:\/\/schema.org","@graph":[{"@type":"WebPage","@id":"https:\/\/mascotaqriosa.com.mx\/product\/pug\/","url":"https:\/\/mascotaqriosa.com.mx\/product\/pug\/","name":"PUG | MascotaQRiosa","isPartOf":{"@id":"https:\/\/mascotaqriosa.com.mx\/#website"},"primaryImageOfPage":{"@id":"https:\/\/mascotaqriosa.com.mx\/product\/pug\/#primaryimage"},"image":{"@id":"https:\/\/mascotaqriosa.com.mx\/product\/pug\/#primaryimage"},"thumbnailUrl":"https:\/\/mascotaqriosa.com.mx\/wp-content\/uploads\/2025\/08\/pug-1.png","datePublished":"2025-08-18T11:44:04+00:00","dateModified":"2025-09-09T00:22:36+00:00","breadcrumb":{"@id":"https:\/\/mascotaqriosa.com.mx\/product\/pug\/#breadcrumb"},"inLanguage":"en-US","potentialAction":[{"@type":"ReadAction","target":["https:\/\/mascotaqriosa.com.mx\/product\/pug\/"]}]},{"@type":"ImageObject","inLanguage":"en-US","@id":"https:\/\/mascotaqriosa.com.mx\/product\/pug\/#primaryimage","url":"https:\/\/mascotaqriosa.com.mx\/wp-content\/uploads\/2025\/08\/pug-1.png","contentUrl":"https:\/\/mascotaqriosa.com.mx\/wp-content\/uploads\/2025\/08\/pug-1.png","width":1024,"height":1024},{"@type":"BreadcrumbList","@id":"https:\/\/mascotaqriosa.com.mx\/product\/pug\/#breadcrumb","itemListElement":[{"@type":"ListItem","position":1,"name":"Home","item":"https:\/\/mascotaqriosa.com.mx\/"},{"@type":"ListItem","position":2,"name":"Pet shop","item":"https:\/\/mascotaqriosa.com.mx\/shop\/"},{"@type":"ListItem","position":3,"name":"PUG"}]},{"@type":"WebSite","@id":"https:\/\/mascotaqriosa.com.mx\/#website","url":"https:\/\/mascotaqriosa.com.mx\/","name":"MascotaQRiosa","description":"La comunidad de mascotas #1 de M\u00e9xico","publisher":{"@id":"https:\/\/mascotaqriosa.com.mx\/#organization"},"potentialAction":[{"@type":"SearchAction","target":{"@type":"EntryPoint","urlTemplate":"https:\/\/mascotaqriosa.com.mx\/?s={search_term_string}"},"query-input":{"@type":"PropertyValueSpecification","valueRequired":true,"valueName":"search_term_string"}}],"inLanguage":"en-US"},{"@type":"Organization","@id":"https:\/\/mascotaqriosa.com.mx\/#organization","name":"MascotaQRiosa","url":"https:\/\/mascotaqriosa.com.mx\/","logo":{"@type":"ImageObject","inLanguage":"en-US","@id":"https:\/\/mascotaqriosa.com.mx\/#\/schema\/logo\/image\/","url":"https:\/\/mascotaqriosa.com.mx\/wp-content\/uploads\/2025\/08\/logo_footer-2.png","contentUrl":"https:\/\/mascotaqriosa.com.mx\/wp-content\/uploads\/2025\/08\/logo_footer-2.png","width":1080,"height":1080,"caption":"MascotaQRiosa"},"image":{"@id":"https:\/\/mascotaqriosa.com.mx\/#\/schema\/logo\/image\/"},"sameAs":["https:\/\/www.facebook.com\/profile.php?id=61581076165222","https:\/\/www.tiktok.com\/@mascotaqriosa","https:\/\/www.instagram.com\/mascotaqriosa"]}]}},"_links":{"self":[{"href":"https:\/\/mascotaqriosa.com.mx\/en\/wp-json\/wp\/v2\/product\/1405","targetHints":{"allow":["GET"]}}],"collection":[{"href":"https:\/\/mascotaqriosa.com.mx\/en\/wp-json\/wp\/v2\/product"}],"about":[{"href":"https:\/\/mascotaqriosa.com.mx\/en\/wp-json\/wp\/v2\/types\/product"}],"replies":[{"embeddable":true,"href":"https:\/\/mascotaqriosa.com.mx\/en\/wp-json\/wp\/v2\/comments?post=1405"}],"version-history":[{"count":0,"href":"https:\/\/mascotaqriosa.com.mx\/en\/wp-json\/wp\/v2\/product\/1405\/revisions"}],"wp:featuredmedia":[{"embeddable":true,"href":"https:\/\/mascotaqriosa.com.mx\/en\/wp-json\/wp\/v2\/media\/3988"}],"wp:attachment":[{"href":"https:\/\/mascotaqriosa.com.mx\/en\/wp-json\/wp\/v2\/media?parent=1405"}],"wp:term":[{"taxonomy":"product_brand","embeddable":true,"href":"https:\/\/mascotaqriosa.com.mx\/en\/wp-json\/wp\/v2\/product_brand?post=1405"},{"taxonomy":"product_cat","embeddable":true,"href":"https:\/\/mascotaqriosa.com.mx\/en\/wp-json\/wp\/v2\/product_cat?post=1405"},{"taxonomy":"product_tag","embeddable":true,"href":"https:\/\/mascotaqriosa.com.mx\/en\/wp-json\/wp\/v2\/product_tag?post=1405"}],"curies":[{"name":"wp","href":"https:\/\/api.w.org\/{rel}","templated":true}]}}