{"id":25,"date":"2025-08-15T03:50:10","date_gmt":"2025-08-15T03:50:10","guid":{"rendered":"https:\/\/mascotaqriosa.com.mx\/?page_id=25"},"modified":"2025-09-01T13:30:56","modified_gmt":"2025-09-01T20:30:56","slug":"terminos-y-condiciones","status":"publish","type":"page","link":"https:\/\/mascotaqriosa.com.mx\/en\/terminos-y-condiciones\/","title":{"rendered":"Terms and conditions"},"content":{"rendered":"<div data-elementor-type=\"wp-page\" data-elementor-id=\"25\" class=\"elementor elementor-25\" data-elementor-post-type=\"page\">\n\t\t\t\t<div class=\"elementor-element elementor-element-d6207d4 e-flex e-con-boxed e-con e-parent\" data-id=\"d6207d4\" data-element_type=\"container\" data-e-type=\"container\" data-settings=\"{&quot;background_background&quot;:&quot;classic&quot;}\">\n\t\t\t\t\t<div class=\"e-con-inner\">\n\t\t\t\t<div class=\"elementor-element elementor-element-3c24f56 elementor-widget elementor-widget-heading\" data-id=\"3c24f56\" data-element_type=\"widget\" data-e-type=\"widget\" data-widget_type=\"heading.default\">\n\t\t\t\t\t<span class=\"elementor-heading-title elementor-size-default\">Actualizaci\u00f3n: 01\/07\/2025<\/span>\t\t\t\t<\/div>\n\t\t\t\t<div class=\"elementor-element elementor-element-c9faae4 elementor-widget elementor-widget-heading\" data-id=\"c9faae4\" data-element_type=\"widget\" data-e-type=\"widget\" data-widget_type=\"heading.default\">\n\t\t\t\t\t<h1 class=\"elementor-heading-title elementor-size-default\">T\u00e9rminos y Condiciones<\/h1>\t\t\t\t<\/div>\n\t\t\t\t<div class=\"elementor-element elementor-element-1e29fbd elementor-widget__width-initial elementor-widget-tablet__width-inherit elementor-widget elementor-widget-text-editor\" data-id=\"1e29fbd\" data-element_type=\"widget\" data-e-type=\"widget\" data-widget_type=\"text-editor.default\">\n\t\t\t\t\t\t\t\t\t<p>Bienvenido a MascotaQRiosa, una vez que te registras aceptas lo siguiente.<\/p>\t\t\t\t\t\t\t\t<\/div>\n\t\t\t\t\t<\/div>\n\t\t\t\t<\/div>\n\t\t<div class=\"elementor-element elementor-element-27c5495 e-flex e-con-boxed e-con e-parent\" data-id=\"27c5495\" data-element_type=\"container\" data-e-type=\"container\">\n\t\t\t\t\t<div class=\"e-con-inner\">\n\t\t<div class=\"elementor-element elementor-element-613866c e-con-full e-flex e-con e-child\" data-id=\"613866c\" data-element_type=\"container\" data-e-type=\"container\">\n\t\t\t\t<div class=\"elementor-element elementor-element-2d1fced elementor-widget elementor-widget-text-editor\" data-id=\"2d1fced\" data-element_type=\"widget\" data-e-type=\"widget\" data-widget_type=\"text-editor.default\">\n\t\t\t\t\t\t\t\t\t<section class=\"privacy-policy__section\"><section class=\"privacy-policy__section\"><section class=\"terms-conditions__section\"><h2 class=\"terms-conditions__section-title\">1. OBJETO DEL SITIO<\/h2><p>MASCOTA QRIOSA es una plataforma digital cuyo prop\u00f3sito es ayudar a localizar mascotas extraviadas y facilitar la conexi\u00f3n entre due\u00f1os de mascotas.<\/p><\/section><section class=\"terms-conditions__section\"><h2 class=\"terms-conditions__section-title\">2. REGISTRO Y USO<\/h2><ul class=\"terms-conditions__list\"><li>Para utilizar ciertas funciones, deber\u00e1 registrarse y proporcionar datos ver\u00eddicos.<\/li><li>Usted es responsable de mantener la confidencialidad de su cuenta.<\/li><li>No est\u00e1 permitido suplantar la identidad de otra persona o proporcionar informaci\u00f3n falsa.<\/li><\/ul><\/section><section class=\"terms-conditions__section\"><h2 class=\"terms-conditions__section-title\">3. PRIVACIDAD<\/h2><p>La informaci\u00f3n proporcionada se rige por nuestro Aviso de Privacidad, disponible en\u00a0<a class=\"terms-conditions__link\" href=\"https:\/\/mascotaqriosa.com\/politica-de-privacidad\" target=\"_blank\" rel=\"noopener\">https:\/\/mascotaqriosa.com.mx\/politica-de-privacidad <\/a>.<\/p><\/section><section class=\"terms-conditions__section\"><h2 class=\"terms-conditions__section-title\">4. RESPONSABILIDAD<\/h2><ul class=\"terms-conditions__list\"><li>MASCOTA QRIOSA no garantiza la recuperaci\u00f3n de mascotas extraviadas.<\/li><li>El sitio no se hace responsable por el mal uso de la informaci\u00f3n por parte de otros usuarios.<\/li><\/ul><\/section><section class=\"terms-conditions__section\"><h2 class=\"terms-conditions__section-title\">5. CONTENIDO DEL USUARIO<\/h2><p>Los usuarios son responsables de la veracidad del contenido e informaci\u00f3n que registran. No se permite publicar contenido ofensivo, enga\u00f1oso o ilegal.<\/p><\/section><section class=\"terms-conditions__section\"><h2 class=\"terms-conditions__section-title\">6. MODIFICACIONES<\/h2><p>Nos reservamos el derecho a modificar estos t\u00e9rminos sin previo aviso. El uso continuado del sitio implica su aceptaci\u00f3n de los cambios.<\/p><\/section><\/section><\/section>\t\t\t\t\t\t\t\t<\/div>\n\t\t\t\t<\/div>\n\t\t\t\t\t<\/div>\n\t\t\t\t<\/div>\n\t\t\t\t<\/div>","protected":false},"excerpt":{"rendered":"<p>Actualizaci\u00f3n: 01\/07\/2025 T\u00e9rminos y Condiciones Bienvenido a MascotaQRiosa, una vez que te registras aceptas lo siguiente. 1. OBJETO DEL SITIO MASCOTA QRIOSA es una plataforma digital cuyo prop\u00f3sito es ayudar a localizar mascotas extraviadas y facilitar la conexi\u00f3n entre due\u00f1os de mascotas. 2. REGISTRO Y USO Para utilizar ciertas funciones, deber\u00e1 registrarse y proporcionar datos [&hellip;]<\/p>\n","protected":false},"author":2,"featured_media":0,"parent":0,"menu_order":0,"comment_status":"closed","ping_status":"closed","template":"","meta":{"_acf_changed":false,"footnotes":""},"class_list":["post-25","page","type-page","status-publish","hentry"],"acf":[],"yoast_head":"<!-- This site is optimized with the Yoast SEO plugin v27.3 - https:\/\/yoast.com\/product\/yoast-seo-wordpress\/ -->\n<title>T\u00e9rminos y condiciones | MascotaQRiosa<\/title>\n<meta name=\"robots\" content=\"index, follow, max-snippet:-1, max-image-preview:large, max-video-preview:-1\" \/>\n<link rel=\"canonical\" href=\"https:\/\/mascotaqriosa.com.mx\/en\/terminos-y-condiciones\/\" \/>\n<meta property=\"og:locale\" content=\"en_US\" \/>\n<meta property=\"og:type\" content=\"article\" \/>\n<meta property=\"og:title\" content=\"T\u00e9rminos y condiciones | MascotaQRiosa\" \/>\n<meta property=\"og:description\" content=\"Actualizaci\u00f3n: 01\/07\/2025 T\u00e9rminos y Condiciones Bienvenido a MascotaQRiosa, una vez que te registras aceptas lo siguiente. 1. OBJETO DEL SITIO MASCOTA QRIOSA es una plataforma digital cuyo prop\u00f3sito es ayudar a localizar mascotas extraviadas y facilitar la conexi\u00f3n entre due\u00f1os de mascotas. 2. REGISTRO Y USO Para utilizar ciertas funciones, deber\u00e1 registrarse y proporcionar datos [&hellip;]\" \/>\n<meta property=\"og:url\" content=\"https:\/\/mascotaqriosa.com.mx\/en\/terminos-y-condiciones\/\" \/>\n<meta property=\"og:site_name\" content=\"MascotaQRiosa\" \/>\n<meta property=\"article:publisher\" content=\"https:\/\/www.facebook.com\/profile.php?id=61581076165222\" \/>\n<meta property=\"article:modified_time\" content=\"2025-09-01T20:30:56+00:00\" \/>\n<meta property=\"og:image\" content=\"https:\/\/mascotaqriosa.com.mx\/wp-content\/uploads\/2025\/08\/cropped-logo_footer-2.png\" \/>\n\t<meta property=\"og:image:width\" content=\"512\" \/>\n\t<meta property=\"og:image:height\" content=\"512\" \/>\n\t<meta property=\"og:image:type\" content=\"image\/png\" \/>\n<meta name=\"twitter:card\" content=\"summary_large_image\" \/>\n<meta name=\"twitter:label1\" content=\"Est. reading time\" \/>\n\t<meta name=\"twitter:data1\" content=\"1 minute\" \/>\n<script type=\"application\/ld+json\" class=\"yoast-schema-graph\">{\"@context\":\"https:\\\/\\\/schema.org\",\"@graph\":[{\"@type\":\"WebPage\",\"@id\":\"https:\\\/\\\/mascotaqriosa.com.mx\\\/terminos-y-condiciones\\\/\",\"url\":\"https:\\\/\\\/mascotaqriosa.com.mx\\\/terminos-y-condiciones\\\/\",\"name\":\"T\u00e9rminos y condiciones | MascotaQRiosa\",\"isPartOf\":{\"@id\":\"https:\\\/\\\/mascotaqriosa.com.mx\\\/#website\"},\"datePublished\":\"2025-08-15T03:50:10+00:00\",\"dateModified\":\"2025-09-01T20:30:56+00:00\",\"breadcrumb\":{\"@id\":\"https:\\\/\\\/mascotaqriosa.com.mx\\\/terminos-y-condiciones\\\/#breadcrumb\"},\"inLanguage\":\"en-US\",\"potentialAction\":[{\"@type\":\"ReadAction\",\"target\":[\"https:\\\/\\\/mascotaqriosa.com.mx\\\/terminos-y-condiciones\\\/\"]}]},{\"@type\":\"BreadcrumbList\",\"@id\":\"https:\\\/\\\/mascotaqriosa.com.mx\\\/terminos-y-condiciones\\\/#breadcrumb\",\"itemListElement\":[{\"@type\":\"ListItem\",\"position\":1,\"name\":\"Home\",\"item\":\"https:\\\/\\\/mascotaqriosa.com.mx\\\/\"},{\"@type\":\"ListItem\",\"position\":2,\"name\":\"T\u00e9rminos y condiciones\"}]},{\"@type\":\"WebSite\",\"@id\":\"https:\\\/\\\/mascotaqriosa.com.mx\\\/#website\",\"url\":\"https:\\\/\\\/mascotaqriosa.com.mx\\\/\",\"name\":\"MascotaQRiosa\",\"description\":\"La comunidad de mascotas #1 de M\u00e9xico\",\"publisher\":{\"@id\":\"https:\\\/\\\/mascotaqriosa.com.mx\\\/#organization\"},\"potentialAction\":[{\"@type\":\"SearchAction\",\"target\":{\"@type\":\"EntryPoint\",\"urlTemplate\":\"https:\\\/\\\/mascotaqriosa.com.mx\\\/?s={search_term_string}\"},\"query-input\":{\"@type\":\"PropertyValueSpecification\",\"valueRequired\":true,\"valueName\":\"search_term_string\"}}],\"inLanguage\":\"en-US\"},{\"@type\":\"Organization\",\"@id\":\"https:\\\/\\\/mascotaqriosa.com.mx\\\/#organization\",\"name\":\"MascotaQRiosa\",\"url\":\"https:\\\/\\\/mascotaqriosa.com.mx\\\/\",\"logo\":{\"@type\":\"ImageObject\",\"inLanguage\":\"en-US\",\"@id\":\"https:\\\/\\\/mascotaqriosa.com.mx\\\/#\\\/schema\\\/logo\\\/image\\\/\",\"url\":\"https:\\\/\\\/mascotaqriosa.com.mx\\\/wp-content\\\/uploads\\\/2025\\\/08\\\/logo_footer-2.png\",\"contentUrl\":\"https:\\\/\\\/mascotaqriosa.com.mx\\\/wp-content\\\/uploads\\\/2025\\\/08\\\/logo_footer-2.png\",\"width\":1080,\"height\":1080,\"caption\":\"MascotaQRiosa\"},\"image\":{\"@id\":\"https:\\\/\\\/mascotaqriosa.com.mx\\\/#\\\/schema\\\/logo\\\/image\\\/\"},\"sameAs\":[\"https:\\\/\\\/www.facebook.com\\\/profile.php?id=61581076165222\",\"https:\\\/\\\/www.tiktok.com\\\/@mascotaqriosa\",\"https:\\\/\\\/www.instagram.com\\\/mascotaqriosa\"]}]}<\/script>\n<!-- \/ Yoast SEO plugin. -->","yoast_head_json":{"title":"T\u00e9rminos y condiciones | MascotaQRiosa","robots":{"index":"index","follow":"follow","max-snippet":"max-snippet:-1","max-image-preview":"max-image-preview:large","max-video-preview":"max-video-preview:-1"},"canonical":"https:\/\/mascotaqriosa.com.mx\/en\/terminos-y-condiciones\/","og_locale":"en_US","og_type":"article","og_title":"T\u00e9rminos y condiciones | MascotaQRiosa","og_description":"Actualizaci\u00f3n: 01\/07\/2025 T\u00e9rminos y Condiciones Bienvenido a MascotaQRiosa, una vez que te registras aceptas lo siguiente. 1. OBJETO DEL SITIO MASCOTA QRIOSA es una plataforma digital cuyo prop\u00f3sito es ayudar a localizar mascotas extraviadas y facilitar la conexi\u00f3n entre due\u00f1os de mascotas. 2. REGISTRO Y USO Para utilizar ciertas funciones, deber\u00e1 registrarse y proporcionar datos [&hellip;]","og_url":"https:\/\/mascotaqriosa.com.mx\/en\/terminos-y-condiciones\/","og_site_name":"MascotaQRiosa","article_publisher":"https:\/\/www.facebook.com\/profile.php?id=61581076165222","article_modified_time":"2025-09-01T20:30:56+00:00","og_image":[{"width":512,"height":512,"url":"https:\/\/mascotaqriosa.com.mx\/wp-content\/uploads\/2025\/08\/cropped-logo_footer-2.png","type":"image\/png"}],"twitter_card":"summary_large_image","twitter_misc":{"Est. reading time":"1 minute"},"schema":{"@context":"https:\/\/schema.org","@graph":[{"@type":"WebPage","@id":"https:\/\/mascotaqriosa.com.mx\/terminos-y-condiciones\/","url":"https:\/\/mascotaqriosa.com.mx\/terminos-y-condiciones\/","name":"T\u00e9rminos y condiciones | MascotaQRiosa","isPartOf":{"@id":"https:\/\/mascotaqriosa.com.mx\/#website"},"datePublished":"2025-08-15T03:50:10+00:00","dateModified":"2025-09-01T20:30:56+00:00","breadcrumb":{"@id":"https:\/\/mascotaqriosa.com.mx\/terminos-y-condiciones\/#breadcrumb"},"inLanguage":"en-US","potentialAction":[{"@type":"ReadAction","target":["https:\/\/mascotaqriosa.com.mx\/terminos-y-condiciones\/"]}]},{"@type":"BreadcrumbList","@id":"https:\/\/mascotaqriosa.com.mx\/terminos-y-condiciones\/#breadcrumb","itemListElement":[{"@type":"ListItem","position":1,"name":"Home","item":"https:\/\/mascotaqriosa.com.mx\/"},{"@type":"ListItem","position":2,"name":"T\u00e9rminos y condiciones"}]},{"@type":"WebSite","@id":"https:\/\/mascotaqriosa.com.mx\/#website","url":"https:\/\/mascotaqriosa.com.mx\/","name":"MascotaQRiosa","description":"La comunidad de mascotas #1 de M\u00e9xico","publisher":{"@id":"https:\/\/mascotaqriosa.com.mx\/#organization"},"potentialAction":[{"@type":"SearchAction","target":{"@type":"EntryPoint","urlTemplate":"https:\/\/mascotaqriosa.com.mx\/?s={search_term_string}"},"query-input":{"@type":"PropertyValueSpecification","valueRequired":true,"valueName":"search_term_string"}}],"inLanguage":"en-US"},{"@type":"Organization","@id":"https:\/\/mascotaqriosa.com.mx\/#organization","name":"MascotaQRiosa","url":"https:\/\/mascotaqriosa.com.mx\/","logo":{"@type":"ImageObject","inLanguage":"en-US","@id":"https:\/\/mascotaqriosa.com.mx\/#\/schema\/logo\/image\/","url":"https:\/\/mascotaqriosa.com.mx\/wp-content\/uploads\/2025\/08\/logo_footer-2.png","contentUrl":"https:\/\/mascotaqriosa.com.mx\/wp-content\/uploads\/2025\/08\/logo_footer-2.png","width":1080,"height":1080,"caption":"MascotaQRiosa"},"image":{"@id":"https:\/\/mascotaqriosa.com.mx\/#\/schema\/logo\/image\/"},"sameAs":["https:\/\/www.facebook.com\/profile.php?id=61581076165222","https:\/\/www.tiktok.com\/@mascotaqriosa","https:\/\/www.instagram.com\/mascotaqriosa"]}]}},"_links":{"self":[{"href":"https:\/\/mascotaqriosa.com.mx\/en\/wp-json\/wp\/v2\/pages\/25","targetHints":{"allow":["GET"]}}],"collection":[{"href":"https:\/\/mascotaqriosa.com.mx\/en\/wp-json\/wp\/v2\/pages"}],"about":[{"href":"https:\/\/mascotaqriosa.com.mx\/en\/wp-json\/wp\/v2\/types\/page"}],"author":[{"embeddable":true,"href":"https:\/\/mascotaqriosa.com.mx\/en\/wp-json\/wp\/v2\/users\/2"}],"replies":[{"embeddable":true,"href":"https:\/\/mascotaqriosa.com.mx\/en\/wp-json\/wp\/v2\/comments?post=25"}],"version-history":[{"count":0,"href":"https:\/\/mascotaqriosa.com.mx\/en\/wp-json\/wp\/v2\/pages\/25\/revisions"}],"wp:attachment":[{"href":"https:\/\/mascotaqriosa.com.mx\/en\/wp-json\/wp\/v2\/media?parent=25"}],"curies":[{"name":"wp","href":"https:\/\/api.w.org\/{rel}","templated":true}]}}